{"id":682,"date":"2020-02-29T17:02:01","date_gmt":"2020-02-29T16:02:01","guid":{"rendered":"http:\/\/paroisse-jean-23.fr\/wp\/?page_id=682"},"modified":"2023-09-16T11:32:55","modified_gmt":"2023-09-16T09:32:55","slug":"preparation-au-bapteme","status":"publish","type":"page","link":"https:\/\/paroisse-jean-23.fr\/wp\/sacrements\/bapteme\/preparation-au-bapteme\/","title":{"rendered":"Pr\u00e9paration au Bapt\u00eame"},"content":{"rendered":"<h3><em>Pour l&rsquo;ann\u00e9e 2023-2024, l&rsquo;accueil des parents qui demandent le bapt\u00eame pour leur petit enfant a repris le samedi 2 septembre 2023, \u00e0 la cure de Baillargues, de 10H \u00e0 11H.30. Il en sera ainsi tous les premiers et troisi\u00e8mes samedis de chaque mois.<br \/>\n<\/em><\/h3>\n<h1>La pr\u00e9paration au Bapt\u00eame<\/h1>\n<div class=\"western\" style=\"text-align: left;\">\n<h3 class=\"western\" style=\"text-align: left;\"><span style=\"color: #000000; font-family: verdana,geneva; font-size: 14px;\"><strong>A quel \u00e2ge peut-on \u00eatre baptis\u00e9 ? Comment faire l\u2019inscription ?<\/strong><\/span><\/h3>\n<p style=\"text-align: justify;\" align=\"JUSTIFY\"><span style=\"color: #000000;\"><em>\u2022 <\/em><em><strong>D\u00e8s sa naissance, un enfant peut \u00eatre baptis\u00e9.<\/strong><\/em><span style=\"font-family: verdana,geneva; font-size: 12px;\"> L\u2019Eglise exprime sa foi dans le fait que Dieu aime sans condition. Si des parents ont l\u2019intention de faire baptiser leur enfant au d\u00e9but de sa vie, il vaut mieux le faire au cours de sa premi\u00e8re ann\u00e9e. Faites l\u2019inscription au moins trois mois avant la date souhait\u00e9e pour la c\u00e9l\u00e9bration du bapt\u00eame. Vous venez remplir la fiche d\u2019inscription en apportant une copie de l\u2019acte de naissance. Cette fiche d\u2019inscription doit \u00eatre sign\u00e9e du papa et de la maman.<\/span><\/span><\/p>\n<p style=\"text-align: justify;\" align=\"JUSTIFY\"><span style=\"color: #000000; font-family: verdana,geneva; font-size: 12px;\">\u2022 <em><strong>Si votre enfant a entre 4 et 7ans, <\/strong><\/em>L\u2019\u00c9glise conseille habituellement d\u2019attendre l\u2019\u00e2ge de la cat\u00e9ch\u00e8se. Devant les demandes de plus en plus nombreuses, des propositions sont faites pour permettre \u00e0 l\u2019enfant de comprendre un peu ce qu\u2019il va vivre. Cela demande quelques mois de pr\u00e9paration. Donc, pr\u00e9sentez la demande plus de six mois avant en vous adressant au relais chr\u00e9tien ; apportez aussi l\u2019acte de naissance.<\/span><\/p>\n<p style=\"text-align: justify;\" align=\"JUSTIFY\"><span style=\"color: #000000; font-family: verdana,geneva; font-size: 12px;\">\u2022 <em><strong>A partir de 7-8 ans,<\/strong><\/em> contactez le P\u00e8re Humberto, cur\u00e9 de la paroisse, pour l\u2019inscription d\u00e8s que l\u2019enfant demande le bapt\u00eame. Vous r\u00e9fl\u00e9chirez avec lui \u00e0 la suite de la d\u00e9marche : cat\u00e9ch\u00e8se ; pr\u00e9paration par \u00e9tapes. Le bapt\u00eame est c\u00e9l\u00e9br\u00e9 <span style=\"text-decoration: underline;\"><em>au cours de la Veill\u00e9e Pascale, \u00e0 la fin de la pr\u00e9paration<\/em><\/span> ou <span style=\"text-decoration: underline;\"><em>avant la f\u00eate de la 1\u00b0 communion.<\/em><\/span><\/span><\/p>\n<h3 class=\"western\" style=\"text-align: left;\"><span style=\"color: #000000; font-family: verdana,geneva; font-size: 14px;\"><strong>Parrain ? Marraine ? Age ? R\u00f4le ou mission ?<\/strong><\/span><\/h3>\n<p style=\"text-align: justify;\" align=\"JUSTIFY\"><span style=\"color: #000000; font-family: verdana,geneva; font-size: 12px;\">Il suffit d\u2019un parrain ou d\u2019une marraine ! Ils sont t\u00e9moins de la Foi en J\u00e9sus Christ ; ils sont appel\u00e9s pour faire grandir leur filleul(e) dans la Foi de l\u2019Eglise ; ils sont, avec les parents, les relais de la Communaut\u00e9 Chr\u00e9tienne. L\u2019Eglise demande qu\u2019il (ou elle) soit baptis\u00e9(e). Il est souhaitable qu\u2019il ait au moins 16 ans (sauf une juste raison), qu\u2019il ait re\u00e7u une formation chr\u00e9tienne, qu\u2019il ait d\u00e9j\u00e0 grandi dans sa foi en J\u00e9sus Christ.<\/span><\/p>\n<h3 class=\"western\" style=\"text-align: left;\"><span style=\"color: #000000; font-family: verdana,geneva; font-size: 14px;\"><strong>Y a-t-il un jour choisi pour les bapt\u00eames ?<\/strong><\/span><\/h3>\n<p style=\"text-align: justify;\" align=\"JUSTIFY\"><span style=\"color: #000000; font-family: verdana,geneva; font-size: 12px;\">Les bapt\u00eames sont normalement c\u00e9l\u00e9br\u00e9s le dimanche : c\u2019est le jour o\u00f9 les chr\u00e9tiens se rassemblent pour c\u00e9l\u00e9brer la mort et la r\u00e9surrection de J\u00e9sus. Donc, le bapt\u00eame sera c\u00e9l\u00e9br\u00e9 \u00e0 la fin de la messe dominicale dans 1 des 4 clochers de notre paroisse.<\/span><\/p>\n<p style=\"text-align: justify;\" align=\"JUSTIFY\"><span style=\"color: #000000;\"><span style=\"font-family: verdana,geneva; font-size: 12px;\"><strong>Un bapt\u00eame le samedi ? <\/strong><\/span><span style=\"font-family: verdana,geneva; font-size: 12px;\">Oui, c\u2019est possible, en fin de matin\u00e9e, de 11h30 \u00e0 12h00. Les c\u00e9l\u00e9brations sont regroup\u00e9es.<\/span><\/span><\/p>\n<h3 class=\"western\" style=\"text-align: left;\"><span style=\"color: #000000; font-family: verdana,geneva; font-size: 14px;\"><strong>Un bapt\u00eame, \u00e7a se pr\u00e9pare.<\/strong><\/span><\/h3>\n<p style=\"text-align: justify;\" align=\"JUSTIFY\"><span style=\"color: #000000; font-family: verdana,geneva; font-size: 12px;\"><strong>Une 1<\/strong><sup><strong>\u00e8re<\/strong><\/sup><strong> rencontre,<\/strong> dans les mois qui pr\u00e9c\u00e8dent la c\u00e9l\u00e9bration du bapt\u00eame a pour but de r\u00e9fl\u00e9chir au sens que, parents, nous donnons au bapt\u00eame et au sens que l\u2019Eglise donne \u00e0 ce sacrement. <\/span><\/p>\n<p style=\"text-align: justify;\" align=\"JUSTIFY\"><span style=\"color: #000000; font-family: verdana,geneva; font-size: 12px;\"><strong>La 2<\/strong><sup><strong>\u00e8me<\/strong><\/sup><strong> rencontre<\/strong> a pour but de pr\u00e9parer la c\u00e9l\u00e9bration elle-m\u00eame. Elle rassemble les familles qui doivent participer \u00e0 la m\u00eame c\u00e9l\u00e9bration. Elle se d\u00e9roule habituellement avec le pr\u00eatre qui c\u00e9l\u00e9brera les bapt\u00eames et la date en est fix\u00e9e avec lui.<\/span><\/p>\n<h3 style=\"text-align: left;\" align=\"JUSTIFY\"><span style=\"color: #000000; font-family: verdana,geneva; font-size: 14px;\"><strong>Je n\u2019habite pas dans la Paroisse o\u00f9 je veux faire le bapt\u00eame ?<\/strong><\/span><\/h3>\n<p style=\"text-align: justify;\" align=\"JUSTIFY\"><span style=\"color: #000000; font-family: verdana,geneva; font-size: 12px;\">Prenez contact avec la Paroisse de votre r\u00e9sidence pour participer \u00e0 une r\u00e9union de r\u00e9flexion. Ensuite, vous prendrez contact avec la paroisse de la c\u00e9l\u00e9bration pour participer \u00e0 la pr\u00e9paration, ou dire vos souhaits.<\/span><\/p>\n<h3 style=\"text-align: left;\" align=\"JUSTIFY\"><span style=\"color: #000000; font-family: verdana,geneva; font-size: 14px;\"><strong>Le bapt\u00eame sera c\u00e9l\u00e9br\u00e9 dans une autre paroisse ? <\/strong><\/span><\/h3>\n<p style=\"text-align: justify;\" align=\"JUSTIFY\"><span style=\"font-family: verdana,geneva; font-size: 12px; color: #808080;\"><span style=\"color: #000000;\">Le mieux est de participer \u00e0 la 1\u00b0 r\u00e9union dans votre paroisse de r\u00e9sidence ; on vous remettra une autorisation \u00e0 fournir au c\u00e9l\u00e9brant. Vous serez invit\u00e9s \u00e0 la 2\u00b0 r\u00e9union de pr\u00e9paration ou \u00e0 faire conna\u00eetre vos souhait<\/span>s.<\/span><\/p>\n<div>\n<h2>COORDINATRICE:<\/h2>\n<h4>MME FABRE GENEVI\u00c8VE<\/h4>\n<p><img decoding=\"async\" class=\"size-full wp-image-1328 alignnone\" src=\"http:\/\/paroisse-jean-23.fr\/wp\/wp-content\/uploads\/2020\/03\/iconmonstr-paper-plane-2-24.png\" alt=\"\" width=\"24\" height=\"24\" \/>\u00a0<a href=\"http:\/\/\" target=\"_blank\" rel=\"noopener noreferrer\">jean23.baptemes@gmail.com<\/a><\/p>\n<\/div>\n<p>&nbsp;<\/p>\n<\/div>\n","protected":false},"excerpt":{"rendered":"<p>Pour l&rsquo;ann\u00e9e 2023-2024, l&rsquo;accueil des parents qui demandent le bapt\u00eame pour leur petit enfant a repris le samedi 2 septembre 2023, \u00e0 la cure de<span class=\"more-link\"><a href=\"https:\/\/paroisse-jean-23.fr\/wp\/sacrements\/bapteme\/preparation-au-bapteme\/\">Lire la suite<\/a><\/span><\/p>\n","protected":false},"author":1,"featured_media":0,"parent":677,"menu_order":0,"comment_status":"closed","ping_status":"closed","template":"","meta":{"footnotes":""},"class_list":["entry","author-jean","post-682","page","type-page","status-publish"],"_links":{"self":[{"href":"https:\/\/paroisse-jean-23.fr\/wp\/wp-json\/wp\/v2\/pages\/682","targetHints":{"allow":["GET"]}}],"collection":[{"href":"https:\/\/paroisse-jean-23.fr\/wp\/wp-json\/wp\/v2\/pages"}],"about":[{"href":"https:\/\/paroisse-jean-23.fr\/wp\/wp-json\/wp\/v2\/types\/page"}],"author":[{"embeddable":true,"href":"https:\/\/paroisse-jean-23.fr\/wp\/wp-json\/wp\/v2\/users\/1"}],"replies":[{"embeddable":true,"href":"https:\/\/paroisse-jean-23.fr\/wp\/wp-json\/wp\/v2\/comments?post=682"}],"version-history":[{"count":15,"href":"https:\/\/paroisse-jean-23.fr\/wp\/wp-json\/wp\/v2\/pages\/682\/revisions"}],"predecessor-version":[{"id":5046,"href":"https:\/\/paroisse-jean-23.fr\/wp\/wp-json\/wp\/v2\/pages\/682\/revisions\/5046"}],"up":[{"embeddable":true,"href":"https:\/\/paroisse-jean-23.fr\/wp\/wp-json\/wp\/v2\/pages\/677"}],"wp:attachment":[{"href":"https:\/\/paroisse-jean-23.fr\/wp\/wp-json\/wp\/v2\/media?parent=682"}],"curies":[{"name":"wp","href":"https:\/\/api.w.org\/{rel}","templated":true}]}}