{"id":669,"date":"2020-02-29T16:34:30","date_gmt":"2020-02-29T15:34:30","guid":{"rendered":"http:\/\/paroisse-jean-23.fr\/wp\/?page_id=669"},"modified":"2025-02-12T20:09:14","modified_gmt":"2025-02-12T19:09:14","slug":"eveil-a-la-foi","status":"publish","type":"page","link":"https:\/\/paroisse-jean-23.fr\/wp\/sacrements\/catechese-2\/eveil-a-la-foi\/","title":{"rendered":"\u00c9veil \u00e0 la Foi"},"content":{"rendered":"<h1><img decoding=\"async\" class=\"alignleft wp-image-1249\" src=\"http:\/\/paroisse-jean-23.fr\/wp\/wp-content\/uploads\/2020\/03\/\u00c9veil-\u00e0-la-foi.jpg\" alt=\"\" width=\"269\" height=\"179\" srcset=\"https:\/\/paroisse-jean-23.fr\/wp\/wp-content\/uploads\/2020\/03\/\u00c9veil-\u00e0-la-foi.jpg 450w, https:\/\/paroisse-jean-23.fr\/wp\/wp-content\/uploads\/2020\/03\/\u00c9veil-\u00e0-la-foi-300x199.jpg 300w\" sizes=\"(max-width: 269px) 100vw, 269px\" \/>L&rsquo;\u00c9veil \u00e0 la Foi<\/h1>\n<p>Eveil \u00e0 la foi\u2026<br \/>\nLes trois choses les plus \u00e9nervantes \u00e0 la messe :<br \/>\n\u2022 Le micro qui gr\u00e9sille de fa\u00e7on tr\u00e8s stridente<br \/>\n\u2022 Le t\u00e9l\u00e9phone qui sonne au milieu d\u2019un temps de silence<br \/>\n\u2022 Un enfant qui crie, pleure, joue bruyamment pendant toute la messe<\/p>\n<p>Pour r\u00e9soudre ce dernier probl\u00e8me, et que la messe soit un temps agr\u00e9able pour tous, il existe une solution : l\u2019\u00e9veil \u00e0 la foi !<br \/>\nPendant les messes du dimanche, une fois par mois en moyenne, nous accueillons les enfants entre 3 et 6 ans pour r\u00e9aliser des activit\u00e9s sur le th\u00e8me de l\u2019\u00e9vangile du jour.<\/p>\n<p>Nous ? : 2 jeunes de la paroisse motiv\u00e9s ! Ana\u00efs et Ana\u00efs (pas tr\u00e8s compliqu\u00e9 \u00e0 retenir)<br \/>\n\u00c0 quoi \u00e7a sert ? : Ces temps d\u2019\u00e9veil \u00e0 la foi vont permettre aux jeunes enfants, le futur de notre religion, de d\u00e9couvrir J\u00e9sus, Dieu, les \u00e9vangiles&#8230; qui sont difficiles \u00e0 comprendre m\u00eame pour beaucoup d&rsquo;adultes. Ces temps sont aussi des temps de vivre ensemble o\u00f9 les enfants vont apprendre \u00e0 se conna\u00eetre, se faire des amis qu\u2019ils retrouveront au cat\u00e9chisme\u2026 De plus, c&rsquo;est un temps d\u2019\u00e9coute ou les enfants peuvent poser toutes les questions qui leur traversent l\u2019esprit (et o\u00f9 on n\u2019 a pas forc\u00e9ment la r\u00e9ponse non plus\u2026) et ainsi commencer \u00e0 se forger une opinion.<br \/>\nC\u2019est quand ?: Le dimanche lors des messes suivantes, dans les \u00e9glises de Baillargues, Vendargues et Lansargues :<\/p>\n<p>\u2022 20 f\u00e9vrier<br \/>\n\u2022 13 mars<br \/>\n\u2022 \u2026<\/p>\n<p>Comment inscrire mon enfant \u00e0 l\u2019\u00e9veil \u00e0 la foi ? :<\/p>\n<p>Il suffit juste de venir \u00e0 la messe et venir nous voir ! Rien de bien compliqu\u00e9\u2026<br \/>\nPour toutes questions, pr\u00e9cisions, remarques, suggestions, probl\u00e9matiques et autres synonymes, vous pouvez nous envoyer un mail \u00e0 <strong><em>stjean23.domitienne@diocese34.fr<\/em><\/strong> et aussi par t\u00e9l\u00e9phone au <strong><em>04 67 87 05 07<\/em><\/strong>.<\/p>\n<p>En vous souhaitant une tr\u00e8s bonne ann\u00e9e, pleine de joie, d\u2019amour et d\u2019esp\u00e9rance aupr\u00e8s de notre Dieu.<br \/>\nAna\u00efs Gomas, pour l\u2019\u00e9veil \u00e0 la foi de la paroisse Saint Jean XXIII.<\/p>\n<p>&nbsp;<\/p>\n<p><iframe src=\"https:\/\/www.youtube.com\/embed\/k0P1jWALOfk\" width=\"1280\" height=\"720\" frameborder=\"0\" allowfullscreen=\"allowfullscreen\"><\/iframe><\/p>\n","protected":false},"excerpt":{"rendered":"<p>L&rsquo;\u00c9veil \u00e0 la Foi Eveil \u00e0 la foi\u2026 Les trois choses les plus \u00e9nervantes \u00e0 la messe : \u2022 Le micro qui gr\u00e9sille de fa\u00e7on<span class=\"more-link\"><a href=\"https:\/\/paroisse-jean-23.fr\/wp\/sacrements\/catechese-2\/eveil-a-la-foi\/\">Lire la suite<\/a><\/span><\/p>\n","protected":false},"author":1,"featured_media":0,"parent":661,"menu_order":1,"comment_status":"closed","ping_status":"closed","template":"","meta":{"footnotes":""},"class_list":["entry","author-jean","post-669","page","type-page","status-publish"],"_links":{"self":[{"href":"https:\/\/paroisse-jean-23.fr\/wp\/wp-json\/wp\/v2\/pages\/669","targetHints":{"allow":["GET"]}}],"collection":[{"href":"https:\/\/paroisse-jean-23.fr\/wp\/wp-json\/wp\/v2\/pages"}],"about":[{"href":"https:\/\/paroisse-jean-23.fr\/wp\/wp-json\/wp\/v2\/types\/page"}],"author":[{"embeddable":true,"href":"https:\/\/paroisse-jean-23.fr\/wp\/wp-json\/wp\/v2\/users\/1"}],"replies":[{"embeddable":true,"href":"https:\/\/paroisse-jean-23.fr\/wp\/wp-json\/wp\/v2\/comments?post=669"}],"version-history":[{"count":13,"href":"https:\/\/paroisse-jean-23.fr\/wp\/wp-json\/wp\/v2\/pages\/669\/revisions"}],"predecessor-version":[{"id":5638,"href":"https:\/\/paroisse-jean-23.fr\/wp\/wp-json\/wp\/v2\/pages\/669\/revisions\/5638"}],"up":[{"embeddable":true,"href":"https:\/\/paroisse-jean-23.fr\/wp\/wp-json\/wp\/v2\/pages\/661"}],"wp:attachment":[{"href":"https:\/\/paroisse-jean-23.fr\/wp\/wp-json\/wp\/v2\/media?parent=669"}],"curies":[{"name":"wp","href":"https:\/\/api.w.org\/{rel}","templated":true}]}}