{"id":3031,"date":"2021-04-26T20:59:37","date_gmt":"2021-04-26T18:59:37","guid":{"rendered":"http:\/\/paroisse-jean-23.fr\/wp\/?page_id=3031"},"modified":"2021-04-26T20:59:37","modified_gmt":"2021-04-26T18:59:37","slug":"de-redecouvrir-leglise","status":"publish","type":"page","link":"https:\/\/paroisse-jean-23.fr\/wp\/le-blog\/nayez-pas-peur\/de-redecouvrir-leglise\/","title":{"rendered":"&#8230; de red\u00e9couvrir l&rsquo;Eglise"},"content":{"rendered":"<div id=\"pl-3031\"  class=\"panel-layout\" ><div id=\"pg-3031-0\"  class=\"panel-grid panel-no-style\" ><div id=\"pgc-3031-0-0\"  class=\"panel-grid-cell\" ><div id=\"panel-3031-0-0-0\" class=\"so-panel widget widget_sow-editor panel-first-child\" data-index=\"0\" ><div\n\t\t\t\n\t\t\tclass=\"so-widget-sow-editor so-widget-sow-editor-base\"\n\t\t\t\n\t\t><h3 class=\"widget-title\">N'ayons pas peur de red\u00e9couvrir l'Eglise<\/h3>\n<div class=\"siteorigin-widget-tinymce textwidget\">\n\t<blockquote>\n<p><b>\u201c<\/b><b><i>Sous la conduite de l\u2019<\/i><\/b><a href=\"https:\/\/eglise.catholique.fr\/glossaire\/esprit-saint\"><b><i>Esprit Saint<\/i><\/b><\/a><b><i>, nous cherchons comment nous renouveler nous-m\u00eames pour nous trouver de plus en plus fid\u00e8les \u00e0 l\u2019\u00c9vangile du Christ. Nous nous appliquerons \u00e0 pr\u00e9senter aux hommes de ce temps la v\u00e9rit\u00e9 de Dieu dans son int\u00e9grit\u00e9 et dans sa puret\u00e9, de telle sorte qu\u2019elle leur soit intelligible et qu\u2019ils y adh\u00e8rent de bon c\u0153ur<\/i><\/b><b>\u201c.\u00a0<\/b><\/p>\n<\/blockquote>\n<p><span style=\"font-weight: 400;\">Ces mots peuvent nous paraitre d\u2019actualit\u00e9. Ils auraient pu figurer dans la lettre pastorale que nous a adress\u00e9e Mgr Carr\u00e9 il y a quelques semaines. Et pourtant\u00a0! ils datent d\u2019octobre 1962. C\u2019est par ces mots prononc\u00e9s \u00e0 l\u2019ouverture du Concile Vatican II que les p\u00e8res conciliaires exprimaient leur perspectives et leurs espoirs. A l\u2019issue de ce concile, paraissent 4 constitutions, 3 d\u00e9clarations et 9 d\u00e9crets.<\/span><\/p>\n<p><span style=\"font-weight: 400;\">Ces textes ont apport\u00e9 bien s\u00fbr la r\u00e9forme de la liturgie, partie \u00e9merg\u00e9e, visible de l\u2019iceberg mais cela ne s\u2019arr\u00eate pas l\u00e0. Ils pr\u00e9sentent l\u2019Eglise comme \u00ab\u00a0peuple de Dieu\u00a0\u00bb et corps dont le Christ est la t\u00eate. Ils affirment que l\u2019Eglise s\u2019adresse \u00e0 tous les hommes, est au service de l\u2019homme, agissant pour la dignit\u00e9 de la personne humaine. Ils proclament la libert\u00e9 religieuse dont d\u00e9couleront des d\u00e9marches \u0153cum\u00e9niques.<\/span><\/p>\n<p><span style=\"font-weight: 400;\">C\u2019est pourquoi, durant les d\u00e9cennies qui suivirent, Jean-Paul II et Beno\u00eet XVI reconnaissent le Concile Vatican II comme \u00e9tant \u201c<\/span><b><i>la grande gr\u00e2ce dont l\u2019\u00c9glise a b\u00e9n\u00e9fici\u00e9 au vingti\u00e8me si\u00e8cle : il nous offre une boussole fiable pour nous orienter sur le chemin du si\u00e8cle qui commence<\/i><\/b><b>\u201c.<img fetchpriority=\"high\" fetchpriority=\"high\" decoding=\"async\" class=\"alignright size-large wp-image-3032\" src=\"http:\/\/paroisse-jean-23.fr\/wp\/wp-content\/uploads\/2021\/04\/pope-benedict-1036042_1920-1024x768.jpg\" alt=\"\" width=\"1024\" height=\"768\" srcset=\"https:\/\/paroisse-jean-23.fr\/wp\/wp-content\/uploads\/2021\/04\/pope-benedict-1036042_1920-1024x768.jpg 1024w, https:\/\/paroisse-jean-23.fr\/wp\/wp-content\/uploads\/2021\/04\/pope-benedict-1036042_1920-300x225.jpg 300w, https:\/\/paroisse-jean-23.fr\/wp\/wp-content\/uploads\/2021\/04\/pope-benedict-1036042_1920-768x576.jpg 768w, https:\/\/paroisse-jean-23.fr\/wp\/wp-content\/uploads\/2021\/04\/pope-benedict-1036042_1920-1536x1152.jpg 1536w, https:\/\/paroisse-jean-23.fr\/wp\/wp-content\/uploads\/2021\/04\/pope-benedict-1036042_1920-465x349.jpg 465w, https:\/\/paroisse-jean-23.fr\/wp\/wp-content\/uploads\/2021\/04\/pope-benedict-1036042_1920-667x500.jpg 667w, https:\/\/paroisse-jean-23.fr\/wp\/wp-content\/uploads\/2021\/04\/pope-benedict-1036042_1920-1320x990.jpg 1320w, https:\/\/paroisse-jean-23.fr\/wp\/wp-content\/uploads\/2021\/04\/pope-benedict-1036042_1920.jpg 1920w\" sizes=\"(max-width: 1024px) 100vw, 1024px\" \/><\/b><\/p>\n<p><span style=\"font-weight: 400;\">Mais, si \u00e0 mesure que passent les ann\u00e9es <\/span><b>\u201cles textes du\u00a0<\/b><a href=\"https:\/\/eglise.catholique.fr\/glossaire\/concile\"><b>Concile<\/b><\/a><b>\u00a0ne perdent rien de leur valeur ni de leur \u00e9clat\u201d<\/b><span style=\"font-weight: 400;\"> (Jean-Paul II), le contexte dans lequel nous sommes appel\u00e9s \u00e0 t\u00e9moigner de l\u2019\u00c9vangile a beaucoup \u00e9volu\u00e9. <\/span><span style=\"font-weight: 400;\">Et c\u2019est pourquoi, en 2012, lorsque le pape rassemble les \u00e9v\u00eaques en synode pour les 50ans du Concile Vatican II, et faire un \u00e9tat des lieux, ce n\u2019est pas glorieux. L\u2019Eglise catholique souffre de \u00ab\u00a0<\/span><b>ti\u00e9deur<\/b><span style=\"font-weight: 400;\">\u00a0\u00bb nous dit Beno\u00eet XVI. <\/span><b>\u00ab\u00a0le chr\u00e9tien ne doit pas \u00eatre ti\u00e8de<\/b><span style=\"font-weight: 400;\"> insiste\u2013t\u2018il. <\/span><b>C\u2019est le plus grand danger du chr\u00e9tien<\/b><span style=\"font-weight: 400;\">\u00a0\u00bb\u00a0<\/span><\/p>\n<p><span style=\"font-weight: 400;\">Le pape rappelle que nul ne peut <\/span><b>\u00ab\u00a0faire l\u2019\u00e9glise<\/b><span style=\"font-weight: 400;\">\u00a0\u00bb en l\u2019inventant mais que chacun doit seulement <\/span><b>\u00ab\u00a0faire conna\u00eetre ce que le Christ \u00e0 fait. L\u2019Eglise ne commence pas avec ce que nous faisons, mais avec ce que nous disons de Dieu\u00a0<\/b><span style=\"font-weight: 400;\">\u00bb. Mais pour dire encore faut-il connaitre et, la conclusion s\u2019impose\u00a0: les catholiques devaient red\u00e9couvrir leur foi qu\u2019ils connaissent mal\u00a0.\u00a0 \u00ab\u00a0<\/span><b>il faut revenir aux textes du concile en le lib\u00e9rant d\u2019une masse de publications qui, souvent, au lieu de les faire connaitre, les ont cach\u00e9s\u00a0\u00bb<\/b><span style=\"font-weight: 400;\">.<\/span><\/p>\n<p><span style=\"font-weight: 400;\">Et ce n\u2019est pas facile. Je ne sais pas si vous avez d\u00e9j\u00e0 tent\u00e9 de lire Lumen Gentium ou Christus Dominus mais certaines phrases sont plus longues que mon papier\u2026 mais ne disons pas que ce n\u2019est pas pour nous, que nous n\u2019avons pas la formation, pas le temps, ne laissons pas \u00e0 d\u2019autres et en particulier au m\u00e9dia le soin de nous donner leur interpr\u00e9tation, de sortir des phrases de leur contexte. Aujourd\u2019hui, n\u2019ayons pas peur de d\u00e9couvrir, de red\u00e9couvrir des textes qui s\u2019adressent \u00e0 tous.\u00a0<\/span><\/p>\n<p><span style=\"font-weight: 400;\">Et, gr\u00e2ce \u00e0 Dieu\u00a0<\/span><span style=\"font-weight: 400;\">\ud83d\ude0a<\/span><span style=\"font-weight: 400;\">, <\/span><span style=\"font-weight: 400;\">les propositions et les documents ne manquent pas pour nous accompagner dans cette lecture et cette assimilation. Alors n\u2019ayons pas peur de demander au Seigneur que se fortifie notre motivation ! Red\u00e9couvrir la joie de croire et retrouver l\u2019enthousiasme de communiquer la foi est une gr\u00e2ce que nous pouvons demander toujours les uns pour les autres<\/span><\/p>\n<p><span style=\"font-weight: 400;\">Aujourd\u2019hui, plus que jamais, <\/span><span style=\"font-weight: 400;\">l\u2019\u00c9glise s\u2019efforce d\u2019entendre ce que l\u2019Esprit dit et sur quels chemins le Seigneur l\u2019invite \u00e0 s\u2019engager. C\u2019est dans ce contexte que Mgr Carr\u00e9 nous a transmis sa lettre. Il sollicite notre avis. N\u2019ayons pas peur de lui r\u00e9pondre et d\u2019agir mais en \u00e9tant \u00e9clairer par la connaissance de ces textes et toujours dans le but de faire grandir la dignit\u00e9 humaine.<\/span><\/p>\n<\/div>\n<\/div><\/div><div id=\"panel-3031-0-0-1\" class=\"so-panel widget widget_sow-tabs panel-last-child\" data-index=\"1\" ><div\n\t\t\t\n\t\t\tclass=\"so-widget-sow-tabs so-widget-sow-tabs-default-622a67b7ec67-3031\"\n\t\t\t\n\t\t><div class=\"sow-tabs\">\n\t<div class=\"sow-tabs-tab-container\" role=\"tablist\">\n\t\t\t<div\n\t\t\tclass=\"sow-tabs-tab\n\t\t\t sow-tabs-tab-selected\t\t\t\"\n\t\t\trole=\"tab\"\n\t\t\tdata-anchor-id=\"en-3-minutes\"\n\t\t\taria-selected=\"true\"\n\t\t\ttabindex=\"0\"\n\t\t>\n\t\t\t<div class=\"sow-tabs-title sow-tabs-title-icon-left\">\n\t\t\t\t\t\t\t\tEn 3 minutes\t\t\t\t\t\t\t<\/div>\n\t\t<\/div>\n\t\t\t<div\n\t\t\tclass=\"sow-tabs-tab\n\t\t\t\t\t\t\"\n\t\t\trole=\"tab\"\n\t\t\tdata-anchor-id=\"appronfondir\"\n\t\t\taria-selected=\"false\"\n\t\t\ttabindex=\"0\"\n\t\t>\n\t\t\t<div class=\"sow-tabs-title sow-tabs-title-icon-left\">\n\t\t\t\t\t\t\t\tAppronfondir\t\t\t\t\t\t\t<\/div>\n\t\t<\/div>\n\t\t<\/div>\n\n\t<div class=\"sow-tabs-panel-container\">\n\t\t\t<div class=\"sow-tabs-panel\">\n\t\t\t<div\n\t\t\t\tclass=\"sow-tabs-panel-content\"\n\t\t\t\trole=\"tabpanel\"\n\t\t\t\taria-hidden=\"false\"\n\t\t\t>\n\t\t\t\t<ul>\n<li><span style=\"font-weight: 400\">Tr\u00e8s beau texte de Mgr Wattebled pour les 50 ans de Concile Vatican II\u00a0: <\/span><a href=\"https:\/\/eglise.catholique.fr\/actualites\/dossiers\/dossiers-de-2012\/anniversaire-de-vatican-ii\/359843-allez-de-toutes-les-nations-faites-des-disciples-par-mgr-wattebled\/\"><span style=\"font-weight: 400\">\"Allez ! De toutes les nations faites des disciples\", par Mgr Wattebled - \u00c9glise catholique en France<\/span><\/a><\/li>\n<li><a href=\"https:\/\/eglise.catholique.fr\/actualites\/dossiers\/dossiers-de-2012\/anniversaire-de-vatican-ii\/359841-les-textes-conciliaires-une-boussole-pour-naviguer-en-haute-mer\/\"><span style=\"font-weight: 400\">Les textes conciliaires: une boussole pour naviguer en haute mer - \u00c9glise catholique en France<\/span><\/a><\/li>\n<li><span style=\"font-weight: 400\">Les grandes th\u00e8mes des textes du conciles\u00a0: <\/span><a href=\"https:\/\/croire.la-croix.com\/Definitions\/Lexique\/Vatican-II\/Le-concile-Vatican-II-les-seize-documents\"><span style=\"font-weight: 400\">Le concile Vatican II : les seize documents (la-croix.com)<\/span><\/a><\/li>\n<\/ul>\n\t\t\t<\/div>\n\t\t<\/div>\n\t\t\t<div class=\"sow-tabs-panel\">\n\t\t\t<div\n\t\t\t\tclass=\"sow-tabs-panel-content\"\n\t\t\t\trole=\"tabpanel\"\n\t\t\t\taria-hidden=\"true\"\n\t\t\t>\n\t\t\t\t<ul>\n<li><span style=\"font-weight: 400\">Pr\u00e9sentation d\u00e9taill\u00e9e des apports du concile\u00a0: <\/span><a href=\"https:\/\/toulouse.catholique.fr\/IMG\/585\/VATICAN%20II.pdf\"><span style=\"font-weight: 400\">VATICAN II.pub (catholique.fr)<\/span><\/a><\/li>\n<li><span style=\"font-weight: 400\">L\u2019essentiel de la doctrine chr\u00e9tienne abord\u00e9s par le Concile Vatican II, par th\u00e8me\u00a0:<\/span><a href=\"http:\/\/www.spiritualite-chretienne.com\/Vatican2\/concile.html\"><span style=\"font-weight: 400\">Red\u00e9couvrir Vatican II - Sommaire (spiritualite-chretienne.com)<\/span><\/a><\/li>\n<li><span style=\"font-weight: 400\">Le texte int\u00e9grale\u00a0: <\/span><a href=\"http:\/\/www.vatican.va\/archive\/hist_councils\/ii_vatican_council\/index_fr.htm\"><span style=\"font-weight: 400\">Concile Vatican II<\/span><\/a><\/li>\n<li><span style=\"font-weight: 400\">Les la\u00efcs\u00a0: chapitre 4 de la constitution dogmatique <\/span><a href=\"http:\/\/www.vatican.va\/archive\/hist_councils\/ii_vatican_council\/documents\/vat-ii_const_19641121_lumen-gentium_fr.html\"><span style=\"font-weight: 400\">Lumen gentium (vatican.va)<\/span><\/a><span style=\"font-weight: 400\"> ou D\u00e9cret <\/span><a href=\"http:\/\/www.vatican.va\/archive\/hist_councils\/ii_vatican_council\/documents\/vat-ii_decree_19651118_apostolicam-actuositatem_fr.html\"><span style=\"font-weight: 400\">Apostolicam actuositatem (vatican.va)<\/span><\/a><\/li>\n<li><span style=\"font-weight: 400\">L\u2019\u0153cum\u00e9nisme\u00a0: D\u00e9cret <\/span><a href=\"http:\/\/www.vatican.va\/archive\/hist_councils\/ii_vatican_council\/documents\/vat-ii_decree_19641121_unitatis-redintegratio_fr.html\"><span style=\"font-weight: 400\">Unitatis redintegratio (vatican.va)<\/span><\/a><\/li>\n<li><span style=\"font-weight: 400\">L\u2019\u00e9glise dans le monde de ce temps\u00a0: Constitution pastorale <\/span><a href=\"http:\/\/www.vatican.va\/archive\/hist_councils\/ii_vatican_council\/documents\/vat-ii_const_19651207_gaudium-et-spes_fr.html\"><span style=\"font-weight: 400\">Gaudium et spes (vatican.va)<\/span><\/a><\/li>\n<li><span style=\"font-weight: 400\">L\u2019\u00e9glise et les religions non chr\u00e9tiennes\u00a0: d\u00e9claration <\/span><a href=\"http:\/\/www.vatican.va\/archive\/hist_councils\/ii_vatican_council\/documents\/vat-ii_decl_19651028_nostra-aetate_fr.html\"><span style=\"font-weight: 400\">Nostra aetate (vatican.va)<\/span><\/a><\/li>\n<li><span style=\"font-weight: 400\">La libert\u00e9 religieuse\u00a0: d\u00e9claration <\/span><a href=\"http:\/\/www.vatican.va\/archive\/hist_councils\/ii_vatican_council\/documents\/vat-ii_decl_19651207_dignitatis-humanae_fr.html\"><span style=\"font-weight: 400\">Dignitatis humanae (vatican.va)<\/span><\/a><\/li>\n<li><span style=\"font-weight: 400\">Texte non conciliaire\u00a0: Exhortation apostolique du pape Fran\u00e7ois aux fid\u00e8les chr\u00e9tiens sur l\u2019annonce de l\u2019\u00e9vangile dans le monde d\u2019aujourd\u2019hui <\/span><a href=\"http:\/\/www.vatican.va\/content\/francesco\/fr\/apost_exhortations\/documents\/papa-francesco_esortazione-ap_20131124_evangelii-gaudium.html\"><span style=\"font-weight: 400\">Evangelii Gaudium, 24 novembre 2013 | Fran\u00e7ois (vatican.va)<\/span><\/a><\/li>\n<\/ul>\n\t\t\t<\/div>\n\t\t<\/div>\n\t\t<\/div>\n<\/div>\n<\/div><\/div><\/div><\/div><\/div>","protected":false},"excerpt":{"rendered":"<p>\u201cSous la conduite de l\u2019Esprit Saint, nous cherchons comment nous renouveler nous-m\u00eames pour nous trouver de plus en plus fid\u00e8les \u00e0 l\u2019\u00c9vangile du Christ. Nous<span class=\"more-link\"><a href=\"https:\/\/paroisse-jean-23.fr\/wp\/le-blog\/nayez-pas-peur\/de-redecouvrir-leglise\/\">Lire la suite<\/a><\/span><\/p>\n","protected":false},"author":1,"featured_media":3035,"parent":2945,"menu_order":2,"comment_status":"closed","ping_status":"closed","template":"","meta":{"footnotes":""},"class_list":["entry","author-jean","post-3031","page","type-page","status-publish","has-post-thumbnail"],"_links":{"self":[{"href":"https:\/\/paroisse-jean-23.fr\/wp\/wp-json\/wp\/v2\/pages\/3031","targetHints":{"allow":["GET"]}}],"collection":[{"href":"https:\/\/paroisse-jean-23.fr\/wp\/wp-json\/wp\/v2\/pages"}],"about":[{"href":"https:\/\/paroisse-jean-23.fr\/wp\/wp-json\/wp\/v2\/types\/page"}],"author":[{"embeddable":true,"href":"https:\/\/paroisse-jean-23.fr\/wp\/wp-json\/wp\/v2\/users\/1"}],"replies":[{"embeddable":true,"href":"https:\/\/paroisse-jean-23.fr\/wp\/wp-json\/wp\/v2\/comments?post=3031"}],"version-history":[{"count":4,"href":"https:\/\/paroisse-jean-23.fr\/wp\/wp-json\/wp\/v2\/pages\/3031\/revisions"}],"predecessor-version":[{"id":3037,"href":"https:\/\/paroisse-jean-23.fr\/wp\/wp-json\/wp\/v2\/pages\/3031\/revisions\/3037"}],"up":[{"embeddable":true,"href":"https:\/\/paroisse-jean-23.fr\/wp\/wp-json\/wp\/v2\/pages\/2945"}],"wp:featuredmedia":[{"embeddable":true,"href":"https:\/\/paroisse-jean-23.fr\/wp\/wp-json\/wp\/v2\/media\/3035"}],"wp:attachment":[{"href":"https:\/\/paroisse-jean-23.fr\/wp\/wp-json\/wp\/v2\/media?parent=3031"}],"curies":[{"name":"wp","href":"https:\/\/api.w.org\/{rel}","templated":true}]}}