{"id":260,"date":"2020-02-21T18:35:46","date_gmt":"2020-02-21T17:35:46","guid":{"rendered":"http:\/\/paroisse-jean-23.fr\/wp\/?page_id=260"},"modified":"2021-12-14T22:27:25","modified_gmt":"2021-12-14T21:27:25","slug":"au-sein-de-la-paroisse","status":"publish","type":"page","link":"https:\/\/paroisse-jean-23.fr\/wp\/le-blog\/au-sein-de-la-paroisse\/","title":{"rendered":"Au sein de la Paroisse"},"content":{"rendered":"<div id=\"pl-260\"  class=\"panel-layout\" ><div id=\"pg-260-0\"  class=\"panel-grid panel-no-style\" ><div id=\"pgc-260-0-0\"  class=\"panel-grid-cell\" ><div id=\"panel-260-0-0-0\" class=\"so-panel widget widget_siteorigin-panels-postloop panel-first-child panel-last-child\" data-index=\"0\" >\n<article id=\"post-5266\" class=\"entry author-jean post-5266 post type-post status-publish format-standard has-post-thumbnail category-dans-notre-eglise tag-evenement archive-mixed archive-mixed-block3 mixedunit-big\" itemscope=\"itemscope\" itemtype=\"https:\/\/schema.org\/BlogPosting\">\n\n\t<div class=\"entry-grid hgrid\">\n\n\t\t\n\t\t<div class=\"entry-grid-content hgrid-span-12\">\n\n\t\t\t<header class=\"entry-header\">\n\t\t\t\t<h2 class=\"entry-title\" itemprop=\"headline\"><a href=\"https:\/\/paroisse-jean-23.fr\/wp\/journee-mondiale-des-malades-et-dimanche-de-la-sante\/\" rel=\"bookmark\" itemprop=\"url\">Journ\u00e9e mondiale des malades et dimanche de la Sant\u00e9<\/a><\/h2>\t\t\t<\/header><!-- .entry-header -->\n\n\t\t\t<div class=\"screen-reader-text\" itemprop=\"datePublished\" itemtype=\"https:\/\/schema.org\/Date\">2024-02-07<\/div>\n\t\t\t<div class=\"entry-byline empty\"><\/div>\n\t\t\t<div itemprop=\"image\" itemscope itemtype=\"https:\/\/schema.org\/ImageObject\" class=\"entry-featured-img-wrap\"><meta itemprop=\"url\" content=\"https:\/\/paroisse-jean-23.fr\/wp\/wp-content\/uploads\/2024\/02\/dimanche-de-la-sante-228x300-1.png\"><meta itemprop=\"width\" content=\"228\"><meta itemprop=\"height\" content=\"300\"><a href=\"https:\/\/paroisse-jean-23.fr\/wp\/journee-mondiale-des-malades-et-dimanche-de-la-sante\/\" class=\"entry-featured-img-link\"><img fetchpriority=\"high\" decoding=\"async\" width=\"228\" height=\"300\" src=\"https:\/\/paroisse-jean-23.fr\/wp\/wp-content\/uploads\/2024\/02\/dimanche-de-la-sante-228x300-1.png\" class=\"attachment-1536x1536 entry-content-featured-img entry-grid-featured-img wp-post-image\" alt=\"\" itemscope=\"\" itemprop=\"image\" \/><\/a><\/div>\n\t\t\t<div class=\"entry-summary\" itemprop=\"description\"><p>Dimanche 11 f\u00e9vrier : Journ\u00e9e mondiale des malades et dimanche de la Sant\u00e9 La Journ\u00e9e mondiale des Malades a \u00e9t\u00e9 institu\u00e9e par Jean-Paul II en<span class=\"more-link\"><a href=\"https:\/\/paroisse-jean-23.fr\/wp\/journee-mondiale-des-malades-et-dimanche-de-la-sante\/\">Lire la suite<\/a><\/span><\/p>\n<\/div>\n\t\t<\/div><!-- .entry-grid-content -->\n\n\t<\/div><!-- .entry-grid -->\n\n<\/article><!-- .entry -->\n\n\n<article id=\"post-5211\" class=\"entry author-jean post-5211 post type-post status-publish format-standard has-post-thumbnail category-dans-notre-eglise archive-mixed archive-mixed-block3 mixedunit-block3 hcolumn-1-3\" itemscope=\"itemscope\" itemtype=\"https:\/\/schema.org\/BlogPosting\">\n\n\t<div class=\"entry-grid hgrid\">\n\n\t\t\n\t\t<div itemprop=\"image\" itemscope itemtype=\"https:\/\/schema.org\/ImageObject\" class=\"entry-featured-img-wrap\"><meta itemprop=\"url\" content=\"https:\/\/paroisse-jean-23.fr\/wp\/wp-content\/uploads\/2023\/12\/Prions-pour-la-COP28-690x503.jpeg\"><meta itemprop=\"width\" content=\"690\"><meta itemprop=\"height\" content=\"503\"><a href=\"https:\/\/paroisse-jean-23.fr\/wp\/message-du-pape-francois-pour-la-cop28\/\" class=\"entry-featured-img-link\"><img decoding=\"async\" width=\"690\" height=\"503\" src=\"https:\/\/paroisse-jean-23.fr\/wp\/wp-content\/uploads\/2023\/12\/Prions-pour-la-COP28-690x503.jpeg\" class=\"attachment-hoot-large-thumb entry-content-featured-img entry-grid-featured-img wp-post-image\" alt=\"\" itemscope=\"\" itemprop=\"image\" \/><\/a><\/div>\n\t\t<div class=\"entry-grid-content\">\n\n\t\t\t<header class=\"entry-header\">\n\t\t\t\t<h2 class=\"entry-title\" itemprop=\"headline\"><a href=\"https:\/\/paroisse-jean-23.fr\/wp\/message-du-pape-francois-pour-la-cop28\/\" rel=\"bookmark\" itemprop=\"url\">Message du Pape Fran\u00e7ois pour la COP28<\/a><\/h2>\t\t\t<\/header><!-- .entry-header -->\n\n\t\t\t<div class=\"screen-reader-text\" itemprop=\"datePublished\" itemtype=\"https:\/\/schema.org\/Date\">2023-12-14<\/div>\n\t\t\t<div class=\"entry-byline empty\"><\/div>\n\t\t\t<div class=\"entry-summary\" itemprop=\"description\"><p>Traduzione in lingua francese Monsieur le Pr\u00e9sident, Monsieur le Secr\u00e9taire G\u00e9n\u00e9ral des Nations Unies, Illustres Chefs d\u2019\u00c9tat et de Gouvernement, Mesdames et Messieurs, Je ne<span class=\"more-link\"><a href=\"https:\/\/paroisse-jean-23.fr\/wp\/message-du-pape-francois-pour-la-cop28\/\">Lire la suite<\/a><\/span><\/p>\n<\/div>\n\t\t<\/div><!-- .entry-grid-content -->\n\n\t<\/div><!-- .entry-grid -->\n\n<\/article><!-- .entry -->\n\n\n<article id=\"post-5148\" class=\"entry author-jean post-5148 post type-post status-publish format-standard has-post-thumbnail category-dans-notre-eglise archive-mixed archive-mixed-block3 mixedunit-block3 hcolumn-1-3\" itemscope=\"itemscope\" itemtype=\"https:\/\/schema.org\/BlogPosting\">\n\n\t<div class=\"entry-grid hgrid\">\n\n\t\t\n\t\t<div itemprop=\"image\" itemscope itemtype=\"https:\/\/schema.org\/ImageObject\" class=\"entry-featured-img-wrap\"><meta itemprop=\"url\" content=\"https:\/\/paroisse-jean-23.fr\/wp\/wp-content\/uploads\/2023\/11\/AP-Lourdes-novembre-2023-visuel-accueil-pages-1.png\"><meta itemprop=\"width\" content=\"600\"><meta itemprop=\"height\" content=\"500\"><a href=\"https:\/\/paroisse-jean-23.fr\/wp\/communique-sur-le-travail-de-la-conference-des-eveques-de-france\/\" class=\"entry-featured-img-link\"><img decoding=\"async\" width=\"600\" height=\"500\" src=\"https:\/\/paroisse-jean-23.fr\/wp\/wp-content\/uploads\/2023\/11\/AP-Lourdes-novembre-2023-visuel-accueil-pages-1.png\" class=\"attachment-hoot-large-thumb entry-content-featured-img entry-grid-featured-img wp-post-image\" alt=\"\" itemscope=\"\" srcset=\"https:\/\/paroisse-jean-23.fr\/wp\/wp-content\/uploads\/2023\/11\/AP-Lourdes-novembre-2023-visuel-accueil-pages-1.png 600w, https:\/\/paroisse-jean-23.fr\/wp\/wp-content\/uploads\/2023\/11\/AP-Lourdes-novembre-2023-visuel-accueil-pages-1-300x250.png 300w, https:\/\/paroisse-jean-23.fr\/wp\/wp-content\/uploads\/2023\/11\/AP-Lourdes-novembre-2023-visuel-accueil-pages-1-465x388.png 465w\" sizes=\"(max-width: 600px) 100vw, 600px\" itemprop=\"image\" \/><\/a><\/div>\n\t\t<div class=\"entry-grid-content\">\n\n\t\t\t<header class=\"entry-header\">\n\t\t\t\t<h2 class=\"entry-title\" itemprop=\"headline\"><a href=\"https:\/\/paroisse-jean-23.fr\/wp\/communique-sur-le-travail-de-la-conference-des-eveques-de-france\/\" rel=\"bookmark\" itemprop=\"url\">Communiqu\u00e9 sur le travail de la Conf\u00e9rence des \u00e9v\u00eaques de France<\/a><\/h2>\t\t\t<\/header><!-- .entry-header -->\n\n\t\t\t<div class=\"screen-reader-text\" itemprop=\"datePublished\" itemtype=\"https:\/\/schema.org\/Date\">2023-11-17<\/div>\n\t\t\t<div class=\"entry-byline empty\"><\/div>\n\t\t\t<div class=\"entry-summary\" itemprop=\"description\"><p>L&rsquo;Eglise de France communique sur le travail de la Conf\u00e9rence des \u00e9v\u00eaques de France qui a eu lieu du 3 au 8 novembre, et sur<span class=\"more-link\"><a href=\"https:\/\/paroisse-jean-23.fr\/wp\/communique-sur-le-travail-de-la-conference-des-eveques-de-france\/\">Lire la suite<\/a><\/span><\/p>\n<\/div>\n\t\t<\/div><!-- .entry-grid-content -->\n\n\t<\/div><!-- .entry-grid -->\n\n<\/article><!-- .entry -->\n\n\n<article id=\"post-5095\" class=\"entry author-jean post-5095 post type-post status-publish format-standard has-post-thumbnail category-dans-notre-eglise tag-synode-2023 archive-mixed archive-mixed-block3 mixedunit-block3 hcolumn-1-3\" itemscope=\"itemscope\" itemtype=\"https:\/\/schema.org\/BlogPosting\">\n\n\t<div class=\"entry-grid hgrid\">\n\n\t\t\n\t\t<div itemprop=\"image\" itemscope itemtype=\"https:\/\/schema.org\/ImageObject\" class=\"entry-featured-img-wrap\"><meta itemprop=\"url\" content=\"https:\/\/paroisse-jean-23.fr\/wp\/wp-content\/uploads\/2023\/10\/Site-EC-illustrations-de-texte-9.png\"><meta itemprop=\"width\" content=\"600\"><meta itemprop=\"height\" content=\"500\"><a href=\"https:\/\/paroisse-jean-23.fr\/wp\/synode-2021-2024-premiere-session-generale-des-eveques-a-rome\/\" class=\"entry-featured-img-link\"><img loading=\"lazy\" decoding=\"async\" width=\"600\" height=\"500\" src=\"https:\/\/paroisse-jean-23.fr\/wp\/wp-content\/uploads\/2023\/10\/Site-EC-illustrations-de-texte-9.png\" class=\"attachment-hoot-large-thumb entry-content-featured-img entry-grid-featured-img wp-post-image\" alt=\"\" itemscope=\"\" srcset=\"https:\/\/paroisse-jean-23.fr\/wp\/wp-content\/uploads\/2023\/10\/Site-EC-illustrations-de-texte-9.png 600w, https:\/\/paroisse-jean-23.fr\/wp\/wp-content\/uploads\/2023\/10\/Site-EC-illustrations-de-texte-9-300x250.png 300w, https:\/\/paroisse-jean-23.fr\/wp\/wp-content\/uploads\/2023\/10\/Site-EC-illustrations-de-texte-9-465x388.png 465w\" sizes=\"(max-width: 600px) 100vw, 600px\" itemprop=\"image\" \/><\/a><\/div>\n\t\t<div class=\"entry-grid-content\">\n\n\t\t\t<header class=\"entry-header\">\n\t\t\t\t<h2 class=\"entry-title\" itemprop=\"headline\"><a href=\"https:\/\/paroisse-jean-23.fr\/wp\/synode-2021-2024-premiere-session-generale-des-eveques-a-rome\/\" rel=\"bookmark\" itemprop=\"url\">Synode 2021-2024 : premi\u00e8re session g\u00e9n\u00e9rale des \u00e9v\u00eaques \u00e0 Rome<\/a><\/h2>\t\t\t<\/header><!-- .entry-header -->\n\n\t\t\t<div class=\"screen-reader-text\" itemprop=\"datePublished\" itemtype=\"https:\/\/schema.org\/Date\">2023-10-12<\/div>\n\t\t\t<div class=\"entry-byline empty\"><\/div>\n\t\t\t<div class=\"entry-summary\" itemprop=\"description\"><p>Le Synode sur la synodalit\u00e9 poursuit sa route dans notre \u00e9glise. Une \u00e9tape importante actuellement : Du 4 au 29 octobre 2023, premi\u00e8re Assembl\u00e9e g\u00e9n\u00e9rale<span class=\"more-link\"><a href=\"https:\/\/paroisse-jean-23.fr\/wp\/synode-2021-2024-premiere-session-generale-des-eveques-a-rome\/\">Lire la suite<\/a><\/span><\/p>\n<\/div>\n\t\t<\/div><!-- .entry-grid-content -->\n\n\t<\/div><!-- .entry-grid -->\n\n<\/article><!-- .entry -->\n\n\n<article id=\"post-5091\" class=\"entry author-jean post-5091 post type-post status-publish format-standard has-post-thumbnail category-dans-notre-eglise tag-message archive-mixed archive-mixed-block3 mixedunit-block3 hcolumn-1-3\" itemscope=\"itemscope\" itemtype=\"https:\/\/schema.org\/BlogPosting\">\n\n\t<div class=\"entry-grid hgrid\">\n\n\t\t\n\t\t<div itemprop=\"image\" itemscope itemtype=\"https:\/\/schema.org\/ImageObject\" class=\"entry-featured-img-wrap\"><meta itemprop=\"url\" content=\"https:\/\/paroisse-jean-23.fr\/wp\/wp-content\/uploads\/2023\/10\/paix-enfant-Palestine-Israel.jpg\"><meta itemprop=\"width\" content=\"565\"><meta itemprop=\"height\" content=\"491\"><a href=\"https:\/\/paroisse-jean-23.fr\/wp\/attaques-en-israel-communique-de-mgr-eric-de-moulins-beaufort\/\" class=\"entry-featured-img-link\"><img loading=\"lazy\" decoding=\"async\" width=\"565\" height=\"491\" src=\"https:\/\/paroisse-jean-23.fr\/wp\/wp-content\/uploads\/2023\/10\/paix-enfant-Palestine-Israel.jpg\" class=\"attachment-hoot-large-thumb entry-content-featured-img entry-grid-featured-img wp-post-image\" alt=\"\" itemscope=\"\" srcset=\"https:\/\/paroisse-jean-23.fr\/wp\/wp-content\/uploads\/2023\/10\/paix-enfant-Palestine-Israel.jpg 565w, https:\/\/paroisse-jean-23.fr\/wp\/wp-content\/uploads\/2023\/10\/paix-enfant-Palestine-Israel-300x261.jpg 300w, https:\/\/paroisse-jean-23.fr\/wp\/wp-content\/uploads\/2023\/10\/paix-enfant-Palestine-Israel-465x404.jpg 465w\" sizes=\"(max-width: 565px) 100vw, 565px\" itemprop=\"image\" \/><\/a><\/div>\n\t\t<div class=\"entry-grid-content\">\n\n\t\t\t<header class=\"entry-header\">\n\t\t\t\t<h2 class=\"entry-title\" itemprop=\"headline\"><a href=\"https:\/\/paroisse-jean-23.fr\/wp\/attaques-en-israel-communique-de-mgr-eric-de-moulins-beaufort\/\" rel=\"bookmark\" itemprop=\"url\">Attaques en Isra\u00ebl : communiqu\u00e9 de Mgr \u00c9ric de Moulins-Beaufort<\/a><\/h2>\t\t\t<\/header><!-- .entry-header -->\n\n\t\t\t<div class=\"screen-reader-text\" itemprop=\"datePublished\" itemtype=\"https:\/\/schema.org\/Date\">2023-10-12<\/div>\n\t\t\t<div class=\"entry-byline empty\"><\/div>\n\t\t\t<div class=\"entry-summary\" itemprop=\"description\"><p>La paroisse Saint-Jean XXIII partage le message de paix de Mgr \u00c9ric de Moulins-Beaufort, Archev\u00eaque de Reims et Pr\u00e9sident de la Conf\u00e9rence des \u00e9v\u00eaques de<span class=\"more-link\"><a href=\"https:\/\/paroisse-jean-23.fr\/wp\/attaques-en-israel-communique-de-mgr-eric-de-moulins-beaufort\/\">Lire la suite<\/a><\/span><\/p>\n<\/div>\n\t\t<\/div><!-- .entry-grid-content -->\n\n\t<\/div><!-- .entry-grid -->\n\n<\/article><!-- .entry -->\n\n\n<article id=\"post-5088\" class=\"entry author-jean post-5088 post type-post status-publish format-standard has-post-thumbnail category-dans-notre-eglise tag-pape-francois archive-mixed archive-mixed-block3 mixedunit-block3 hcolumn-1-3\" itemscope=\"itemscope\" itemtype=\"https:\/\/schema.org\/BlogPosting\">\n\n\t<div class=\"entry-grid hgrid\">\n\n\t\t\n\t\t<div itemprop=\"image\" itemscope itemtype=\"https:\/\/schema.org\/ImageObject\" class=\"entry-featured-img-wrap\"><meta itemprop=\"url\" content=\"https:\/\/paroisse-jean-23.fr\/wp\/wp-content\/uploads\/2023\/10\/Laudate-Deum-Exhortation-du-Pape-Francois-690x550.jpeg\"><meta itemprop=\"width\" content=\"690\"><meta itemprop=\"height\" content=\"550\"><a href=\"https:\/\/paroisse-jean-23.fr\/wp\/laudate-deum-exhortation-apostolique-du-pape-francois\/\" class=\"entry-featured-img-link\"><img loading=\"lazy\" decoding=\"async\" width=\"690\" height=\"550\" src=\"https:\/\/paroisse-jean-23.fr\/wp\/wp-content\/uploads\/2023\/10\/Laudate-Deum-Exhortation-du-Pape-Francois-690x550.jpeg\" class=\"attachment-hoot-large-thumb entry-content-featured-img entry-grid-featured-img wp-post-image\" alt=\"\" itemscope=\"\" itemprop=\"image\" \/><\/a><\/div>\n\t\t<div class=\"entry-grid-content\">\n\n\t\t\t<header class=\"entry-header\">\n\t\t\t\t<h2 class=\"entry-title\" itemprop=\"headline\"><a href=\"https:\/\/paroisse-jean-23.fr\/wp\/laudate-deum-exhortation-apostolique-du-pape-francois\/\" rel=\"bookmark\" itemprop=\"url\">Laudate Deum : Exhortation Apostolique du Pape Fran\u00e7ois<\/a><\/h2>\t\t\t<\/header><!-- .entry-header -->\n\n\t\t\t<div class=\"screen-reader-text\" itemprop=\"datePublished\" itemtype=\"https:\/\/schema.org\/Date\">2023-10-12<\/div>\n\t\t\t<div class=\"entry-byline empty\"><\/div>\n\t\t\t<div class=\"entry-summary\" itemprop=\"description\"><p>Vous le savez s\u00fbrement d\u00e9j\u00e0, et \u00c9glise Verte tient tout particuli\u00e8rement \u00e0 vous le partager : le pape Fran\u00e7ois \u00e9dite l&rsquo;exhortation apostolique Laudato Deum !<span class=\"more-link\"><a href=\"https:\/\/paroisse-jean-23.fr\/wp\/laudate-deum-exhortation-apostolique-du-pape-francois\/\">Lire la suite<\/a><\/span><\/p>\n<\/div>\n\t\t<\/div><!-- .entry-grid-content -->\n\n\t<\/div><!-- .entry-grid -->\n\n<\/article><!-- .entry -->\n\n\n<article id=\"post-5030\" class=\"entry author-jean post-5030 post type-post status-publish format-standard has-post-thumbnail category-dans-notre-eglise tag-pape-francois archive-mixed archive-mixed-block3 mixedunit-block3 hcolumn-1-3\" itemscope=\"itemscope\" itemtype=\"https:\/\/schema.org\/BlogPosting\">\n\n\t<div class=\"entry-grid hgrid\">\n\n\t\t\n\t\t<div itemprop=\"image\" itemscope itemtype=\"https:\/\/schema.org\/ImageObject\" class=\"entry-featured-img-wrap\"><meta itemprop=\"url\" content=\"https:\/\/paroisse-jean-23.fr\/wp\/wp-content\/uploads\/2023\/09\/Pape-Francois-690x533.jpeg\"><meta itemprop=\"width\" content=\"690\"><meta itemprop=\"height\" content=\"533\"><a href=\"https:\/\/paroisse-jean-23.fr\/wp\/voyage-du-pape-francois-a-marseille\/\" class=\"entry-featured-img-link\"><img loading=\"lazy\" decoding=\"async\" width=\"690\" height=\"533\" src=\"https:\/\/paroisse-jean-23.fr\/wp\/wp-content\/uploads\/2023\/09\/Pape-Francois-690x533.jpeg\" class=\"attachment-hoot-large-thumb entry-content-featured-img entry-grid-featured-img wp-post-image\" alt=\"\" itemscope=\"\" itemprop=\"image\" \/><\/a><\/div>\n\t\t<div class=\"entry-grid-content\">\n\n\t\t\t<header class=\"entry-header\">\n\t\t\t\t<h2 class=\"entry-title\" itemprop=\"headline\"><a href=\"https:\/\/paroisse-jean-23.fr\/wp\/voyage-du-pape-francois-a-marseille\/\" rel=\"bookmark\" itemprop=\"url\">Voyage du Pape Fran\u00e7ois \u00e0 Marseille<\/a><\/h2>\t\t\t<\/header><!-- .entry-header -->\n\n\t\t\t<div class=\"screen-reader-text\" itemprop=\"datePublished\" itemtype=\"https:\/\/schema.org\/Date\">2023-09-04<\/div>\n\t\t\t<div class=\"entry-byline empty\"><\/div>\n\t\t\t<div class=\"entry-summary\" itemprop=\"description\"><p>Le Pape Fran\u00e7ois \u00e0 Marseille ! Lors de son d\u00e9placement \u00e0 Marseille, pr\u00e9vu le 23 septembre 2023, le pape Fran\u00e7ois rencontrera les fid\u00e8les fran\u00e7ais dans<span class=\"more-link\"><a href=\"https:\/\/paroisse-jean-23.fr\/wp\/voyage-du-pape-francois-a-marseille\/\">Lire la suite<\/a><\/span><\/p>\n<\/div>\n\t\t<\/div><!-- .entry-grid-content -->\n\n\t<\/div><!-- .entry-grid -->\n\n<\/article><!-- .entry -->\n\n\n<article id=\"post-4950\" class=\"entry author-jean post-4950 post type-post status-publish format-standard has-post-thumbnail category-dans-notre-eglise tag-jmj-2023-rassemblement-des-francais archive-mixed archive-mixed-block3 mixedunit-block3 hcolumn-1-3\" itemscope=\"itemscope\" itemtype=\"https:\/\/schema.org\/BlogPosting\">\n\n\t<div class=\"entry-grid hgrid\">\n\n\t\t\n\t\t<div itemprop=\"image\" itemscope itemtype=\"https:\/\/schema.org\/ImageObject\" class=\"entry-featured-img-wrap\"><meta itemprop=\"url\" content=\"https:\/\/paroisse-jean-23.fr\/wp\/wp-content\/uploads\/2023\/08\/JMJ2023_Le-temps-des-francais.jpg\"><meta itemprop=\"width\" content=\"516\"><meta itemprop=\"height\" content=\"291\"><a href=\"https:\/\/paroisse-jean-23.fr\/wp\/jmj-lisbonne-2023-le-temps-des-francais\/\" class=\"entry-featured-img-link\"><img loading=\"lazy\" decoding=\"async\" width=\"516\" height=\"291\" src=\"https:\/\/paroisse-jean-23.fr\/wp\/wp-content\/uploads\/2023\/08\/JMJ2023_Le-temps-des-francais.jpg\" class=\"attachment-hoot-large-thumb entry-content-featured-img entry-grid-featured-img wp-post-image\" alt=\"\" itemscope=\"\" srcset=\"https:\/\/paroisse-jean-23.fr\/wp\/wp-content\/uploads\/2023\/08\/JMJ2023_Le-temps-des-francais.jpg 516w, https:\/\/paroisse-jean-23.fr\/wp\/wp-content\/uploads\/2023\/08\/JMJ2023_Le-temps-des-francais-300x169.jpg 300w, https:\/\/paroisse-jean-23.fr\/wp\/wp-content\/uploads\/2023\/08\/JMJ2023_Le-temps-des-francais-465x262.jpg 465w\" sizes=\"(max-width: 516px) 100vw, 516px\" itemprop=\"image\" \/><\/a><\/div>\n\t\t<div class=\"entry-grid-content\">\n\n\t\t\t<header class=\"entry-header\">\n\t\t\t\t<h2 class=\"entry-title\" itemprop=\"headline\"><a href=\"https:\/\/paroisse-jean-23.fr\/wp\/jmj-lisbonne-2023-le-temps-des-francais\/\" rel=\"bookmark\" itemprop=\"url\">JMJ Lisbonne 2023 : Le temps des fran\u00e7ais<\/a><\/h2>\t\t\t<\/header><!-- .entry-header -->\n\n\t\t\t<div class=\"screen-reader-text\" itemprop=\"datePublished\" itemtype=\"https:\/\/schema.org\/Date\">2023-08-01<\/div>\n\t\t\t<div class=\"entry-byline empty\"><\/div>\n\t\t\t<div class=\"entry-summary\" itemprop=\"description\"><p>Aux JMJ de Lisbonne, mardi 1er ao\u00fbt: rassemblement des Fran\u00e7ais entre eux&#8230;\u00e0 40 000 ! Une premi\u00e8re dans le d\u00e9roulement des JMJ en Europe, tous<span class=\"more-link\"><a href=\"https:\/\/paroisse-jean-23.fr\/wp\/jmj-lisbonne-2023-le-temps-des-francais\/\">Lire la suite<\/a><\/span><\/p>\n<\/div>\n\t\t<\/div><!-- .entry-grid-content -->\n\n\t<\/div><!-- .entry-grid -->\n\n<\/article><!-- .entry -->\n\n\n<article id=\"post-4772\" class=\"entry author-claude post-4772 post type-post status-publish format-standard has-post-thumbnail category-dans-notre-eglise archive-mixed archive-mixed-block3 mixedunit-block3 hcolumn-1-3\" itemscope=\"itemscope\" itemtype=\"https:\/\/schema.org\/BlogPosting\">\n\n\t<div class=\"entry-grid hgrid\">\n\n\t\t\n\t\t<div itemprop=\"image\" itemscope itemtype=\"https:\/\/schema.org\/ImageObject\" class=\"entry-featured-img-wrap\"><meta itemprop=\"url\" content=\"https:\/\/paroisse-jean-23.fr\/wp\/wp-content\/uploads\/2023\/04\/Cloture-de-lAssembl.-des-ev.-de-france1.jpg\"><meta itemprop=\"width\" content=\"512\"><meta itemprop=\"height\" content=\"288\"><a href=\"https:\/\/paroisse-jean-23.fr\/wp\/cloture-de-lassemblee-pleniere-des-eveques-de-france\/\" class=\"entry-featured-img-link\"><img loading=\"lazy\" decoding=\"async\" width=\"512\" height=\"288\" src=\"https:\/\/paroisse-jean-23.fr\/wp\/wp-content\/uploads\/2023\/04\/Cloture-de-lAssembl.-des-ev.-de-france1.jpg\" class=\"attachment-hoot-large-thumb entry-content-featured-img entry-grid-featured-img wp-post-image\" alt=\"\" itemscope=\"\" srcset=\"https:\/\/paroisse-jean-23.fr\/wp\/wp-content\/uploads\/2023\/04\/Cloture-de-lAssembl.-des-ev.-de-france1.jpg 512w, https:\/\/paroisse-jean-23.fr\/wp\/wp-content\/uploads\/2023\/04\/Cloture-de-lAssembl.-des-ev.-de-france1-300x169.jpg 300w, https:\/\/paroisse-jean-23.fr\/wp\/wp-content\/uploads\/2023\/04\/Cloture-de-lAssembl.-des-ev.-de-france1-465x262.jpg 465w\" sizes=\"(max-width: 512px) 100vw, 512px\" itemprop=\"image\" \/><\/a><\/div>\n\t\t<div class=\"entry-grid-content\">\n\n\t\t\t<header class=\"entry-header\">\n\t\t\t\t<h2 class=\"entry-title\" itemprop=\"headline\"><a href=\"https:\/\/paroisse-jean-23.fr\/wp\/cloture-de-lassemblee-pleniere-des-eveques-de-france\/\" rel=\"bookmark\" itemprop=\"url\">Cl\u00f4ture de l&rsquo;Assembl\u00e9e pl\u00e9ni\u00e8re des \u00e9v\u00eaques de France<\/a><\/h2>\t\t\t<\/header><!-- .entry-header -->\n\n\t\t\t<div class=\"screen-reader-text\" itemprop=\"datePublished\" itemtype=\"https:\/\/schema.org\/Date\">2023-04-05<\/div>\n\t\t\t<div class=\"entry-byline empty\"><\/div>\n\t\t\t<div class=\"entry-summary\" itemprop=\"description\"><p>La Conf\u00e9rence des \u00e9v\u00eaques de France est constitu\u00e9e de l\u2019ensemble des \u00e9v\u00eaques et cardinaux de France. Elle se r\u00e9unit deux fois par an en Assembl\u00e9e<span class=\"more-link\"><a href=\"https:\/\/paroisse-jean-23.fr\/wp\/cloture-de-lassemblee-pleniere-des-eveques-de-france\/\">Lire la suite<\/a><\/span><\/p>\n<\/div>\n\t\t<\/div><!-- .entry-grid-content -->\n\n\t<\/div><!-- .entry-grid -->\n\n<\/article><!-- .entry -->\n\n\n<article id=\"post-4741\" class=\"entry author-jean post-4741 post type-post status-publish format-standard has-post-thumbnail category-dans-notre-eglise archive-mixed archive-mixed-block3 mixedunit-block3 hcolumn-1-3\" itemscope=\"itemscope\" itemtype=\"https:\/\/schema.org\/BlogPosting\">\n\n\t<div class=\"entry-grid hgrid\">\n\n\t\t\n\t\t<div itemprop=\"image\" itemscope itemtype=\"https:\/\/schema.org\/ImageObject\" class=\"entry-featured-img-wrap\"><meta itemprop=\"url\" content=\"https:\/\/paroisse-jean-23.fr\/wp\/wp-content\/uploads\/2023\/03\/pope-5519251_1920-690x550.jpg\"><meta itemprop=\"width\" content=\"690\"><meta itemprop=\"height\" content=\"550\"><a href=\"https:\/\/paroisse-jean-23.fr\/wp\/au-sein-de-notre-eglise-mars-2023\/\" class=\"entry-featured-img-link\"><img loading=\"lazy\" decoding=\"async\" width=\"690\" height=\"550\" src=\"https:\/\/paroisse-jean-23.fr\/wp\/wp-content\/uploads\/2023\/03\/pope-5519251_1920-690x550.jpg\" class=\"attachment-hoot-large-thumb entry-content-featured-img entry-grid-featured-img wp-post-image\" alt=\"\" itemscope=\"\" itemprop=\"image\" \/><\/a><\/div>\n\t\t<div class=\"entry-grid-content\">\n\n\t\t\t<header class=\"entry-header\">\n\t\t\t\t<h2 class=\"entry-title\" itemprop=\"headline\"><a href=\"https:\/\/paroisse-jean-23.fr\/wp\/au-sein-de-notre-eglise-mars-2023\/\" rel=\"bookmark\" itemprop=\"url\">Au sein de notre \u00c9glise &#8230;. Mars 2023<\/a><\/h2>\t\t\t<\/header><!-- .entry-header -->\n\n\t\t\t<div class=\"screen-reader-text\" itemprop=\"datePublished\" itemtype=\"https:\/\/schema.org\/Date\">2023-03-23<\/div>\n\t\t\t<div class=\"entry-byline empty\"><\/div>\n\t\t\t<div class=\"entry-summary\" itemprop=\"description\"><p>\u00ab\u00a0Pour mes dix ans de pontificat, offrez-moi la paix \u00ab\u00a0 a dit le pape. Le 13 mars 2013, au terme du deuxi\u00e8me jour du conclave,<span class=\"more-link\"><a href=\"https:\/\/paroisse-jean-23.fr\/wp\/au-sein-de-notre-eglise-mars-2023\/\">Lire la suite<\/a><\/span><\/p>\n<\/div>\n\t\t<\/div><!-- .entry-grid-content -->\n\n\t<\/div><!-- .entry-grid -->\n\n<\/article><!-- .entry -->\n\n<\/div><\/div><\/div><\/div>","protected":false},"excerpt":{"rendered":"<p>Journ\u00e9e mondiale des malades et dimanche de la Sant\u00e9 2024-02-07 Dimanche 11 f\u00e9vrier : Journ\u00e9e mondiale des malades et dimanche de la Sant\u00e9 La Journ\u00e9e<span class=\"more-link\"><a href=\"https:\/\/paroisse-jean-23.fr\/wp\/le-blog\/au-sein-de-la-paroisse\/\">Lire la suite<\/a><\/span><\/p>\n","protected":false},"author":1,"featured_media":0,"parent":3745,"menu_order":2,"comment_status":"closed","ping_status":"closed","template":"","meta":{"footnotes":""},"class_list":["entry","author-jean","post-260","page","type-page","status-publish"],"_links":{"self":[{"href":"https:\/\/paroisse-jean-23.fr\/wp\/wp-json\/wp\/v2\/pages\/260","targetHints":{"allow":["GET"]}}],"collection":[{"href":"https:\/\/paroisse-jean-23.fr\/wp\/wp-json\/wp\/v2\/pages"}],"about":[{"href":"https:\/\/paroisse-jean-23.fr\/wp\/wp-json\/wp\/v2\/types\/page"}],"author":[{"embeddable":true,"href":"https:\/\/paroisse-jean-23.fr\/wp\/wp-json\/wp\/v2\/users\/1"}],"replies":[{"embeddable":true,"href":"https:\/\/paroisse-jean-23.fr\/wp\/wp-json\/wp\/v2\/comments?post=260"}],"version-history":[{"count":6,"href":"https:\/\/paroisse-jean-23.fr\/wp\/wp-json\/wp\/v2\/pages\/260\/revisions"}],"predecessor-version":[{"id":3743,"href":"https:\/\/paroisse-jean-23.fr\/wp\/wp-json\/wp\/v2\/pages\/260\/revisions\/3743"}],"up":[{"embeddable":true,"href":"https:\/\/paroisse-jean-23.fr\/wp\/wp-json\/wp\/v2\/pages\/3745"}],"wp:attachment":[{"href":"https:\/\/paroisse-jean-23.fr\/wp\/wp-json\/wp\/v2\/media?parent=260"}],"curies":[{"name":"wp","href":"https:\/\/api.w.org\/{rel}","templated":true}]}}