{"id":165,"date":"2020-01-28T18:03:24","date_gmt":"2020-01-28T17:03:24","guid":{"rendered":"http:\/\/paroisse-jean-23.fr\/wp\/?page_id=165"},"modified":"2020-11-09T21:17:22","modified_gmt":"2020-11-09T20:17:22","slug":"le-secours-catholique","status":"publish","type":"page","link":"https:\/\/paroisse-jean-23.fr\/wp\/nos-benevoles\/le-secours-catholique\/","title":{"rendered":"Le Secours Catholique"},"content":{"rendered":"<p><img fetchpriority=\"high\" decoding=\"async\" class=\"alignright wp-image-167\" src=\"http:\/\/paroisse-jean-23.fr\/wp\/wp-content\/uploads\/2020\/01\/LogoSecoursCatholique-1024x164.jpg\" alt=\"Secours Catholique\" width=\"650\" height=\"104\" srcset=\"https:\/\/paroisse-jean-23.fr\/wp\/wp-content\/uploads\/2020\/01\/LogoSecoursCatholique-1024x164.jpg 1024w, https:\/\/paroisse-jean-23.fr\/wp\/wp-content\/uploads\/2020\/01\/LogoSecoursCatholique-300x48.jpg 300w, https:\/\/paroisse-jean-23.fr\/wp\/wp-content\/uploads\/2020\/01\/LogoSecoursCatholique-768x123.jpg 768w, https:\/\/paroisse-jean-23.fr\/wp\/wp-content\/uploads\/2020\/01\/LogoSecoursCatholique-1536x246.jpg 1536w, https:\/\/paroisse-jean-23.fr\/wp\/wp-content\/uploads\/2020\/01\/LogoSecoursCatholique-2048x328.jpg 2048w\" sizes=\"(max-width: 650px) 100vw, 650px\" \/><\/p>\n<h1>Qu&rsquo;est ce que le Secours Catholique et qui travaille dans l&rsquo;ombre ?<\/h1>\n<p>Le Secours Catholique est un service d\u2019Eglise qui a comme objectif d\u2019\u00eatre attentif aux besoins des personnes les plus fragiles, sur un territoire donn\u00e9,\u00a0 et d\u2019essayer d\u2019accompagner ces personnes dans leurs demandes.<\/p>\n<p>Le secours catholique\u00a0 existe dans notre paroisse : il est constitu\u00e9 par une trentaine de b\u00e9n\u00e9voles venant de nos quatre communes. Cette \u00e9quipe a un responsable, une tr\u00e9sori\u00e8re, une secr\u00e9taire. Elle est rattach\u00e9e \u00e0 un secteur (secteur littoral) lui-m\u00eame anim\u00e9 par deux repr\u00e9sentants\u00a0 de la D\u00e9l\u00e9gation Dioc\u00e9saine de l\u2019H\u00e9rault.<\/p>\n<p>&nbsp;<\/p>\n<p>Les b\u00e9n\u00e9voles agissent en compl\u00e9ment et en accord avec les instances et organismes des services sociaux. Leur motivation vient de leur volont\u00e9 d\u2019agir pour plus de justice, plus de solidarit\u00e9, plus de fraternit\u00e9. Au nom de leur engagement chr\u00e9tien, et\/ ou de leur\u00a0 engagement de citoyen. La fraternit\u00e9 est dans la devise de le R\u00e9publique, comme dans l&rsquo;Evangile.<\/p>\n<p>Ils ont en commun,\u00a0 comme orientations, de\u00a0promouvoir la place et la parole des personnes vivant des situations de\u00a0 pauvret\u00e9, de rendre chacun acteur de son propre d\u00e9veloppement,\u00a0 de s\u2019associer avec ces personnes, d\u2019agir pour le d\u00e9veloppement de la personne humaine dans toutes ses dimensions, d\u2019agir sur les causes de la pauvret\u00e9 et de l\u2019exclusion, d\u2019\u00e9veiller \u00e0 la solidarit\u00e9.<\/p>\n<h2>Retrouvez ci-dessous, la pr\u00e9sentation de la mission locale et de ses r\u00e9sultats<\/h2>\n<div class=\"ead-preview\"><div class=\"ead-document\" style=\"position: relative;padding-top: 90%;\"><div class=\"ead-iframe-wrapper\"><iframe src=\"\/\/docs.google.com\/viewer?url=http%3A%2F%2Fparoisse-jean-23.fr%2Fwp%2Fwp-content%2Fuploads%2F2020%2F11%2FPresentation-Secours-Catholique.pdf&amp;embedded=true&amp;hl=en\" title=\"Document embarqu\u00e9\" class=\"ead-iframe\" style=\"width: 100%;height: 100%;border: none;position: absolute;left: 0;top: 0;visibility: hidden;\"><\/iframe><\/div>\t\t\t<div class=\"ead-document-loading\" style=\"width:100%;height:100%;position:absolute;left:0;top:0;z-index:10;\">\n\t\t\t\t<div class=\"ead-loading-wrap\">\n\t\t\t\t\t<div class=\"ead-loading-main\">\n\t\t\t\t\t\t<div class=\"ead-loading\">\n\t\t\t\t\t\t\t<img decoding=\"async\" src=\"https:\/\/paroisse-jean-23.fr\/wp\/wp-content\/plugins\/embed-any-document\/images\/loading.svg\" width=\"55\" height=\"55\" alt=\"Chargeur\">\n\t\t\t\t\t\t\t<span>En cours de chargement&hellip;<\/span>\n\t\t\t\t\t\t<\/div>\n\t\t\t\t\t<\/div>\n\t\t\t\t\t<div class=\"ead-loading-foot\">\n\t\t\t\t\t\t<div class=\"ead-loading-foot-title\">\n\t\t\t\t\t\t\t<img decoding=\"async\" src=\"https:\/\/paroisse-jean-23.fr\/wp\/wp-content\/plugins\/embed-any-document\/images\/EAD-logo.svg\" alt=\"Logo EAD\" width=\"36\" height=\"23\"\/>\n\t\t\t\t\t\t\t<span>Cela prend trop de temps\u00a0?<\/span>\n\t\t\t\t\t\t<\/div>\n\t\t\t\t\t\t<p>\n\t\t\t\t\t\t\t<div class=\"ead-document-btn ead-reload-btn\" role=\"button\">\n\t\t\t\t\t\t\t\t<img loading=\"lazy\" decoding=\"async\" src=\"https:\/\/paroisse-jean-23.fr\/wp\/wp-content\/plugins\/embed-any-document\/images\/reload.svg\" alt=\"Recharger\" width=\"12\" height=\"12\"\/> Recharger le document\t\t\t\t\t\t\t<\/div>\n\t\t\t\t\t\t\t<span>|<\/span>\n\t\t\t\t\t\t\t<a href=\"http:\/\/paroisse-jean-23.fr\/wp\/wp-content\/uploads\/2020\/11\/Presentation-Secours-Catholique.pdf\" class=\"ead-document-btn\" target=\"_blank\">\n\t\t\t\t\t\t\t\t<img loading=\"lazy\" decoding=\"async\" src=\"https:\/\/paroisse-jean-23.fr\/wp\/wp-content\/plugins\/embed-any-document\/images\/open.svg\" alt=\"Ouvert\" width=\"12\" height=\"12\"\/> Ouvrir dans un nouvel onglet\t\t\t\t\t\t\t<\/a>\n\t\t\t\t\t<\/div>\n\t\t\t\t<\/div>\n\t\t\t<\/div>\n\t\t<\/div><\/div>\n<div class=\"ead-preview\"><div class=\"ead-document\" style=\"position: relative;padding-top: 90%;\"><div class=\"ead-iframe-wrapper\"><iframe src=\"\/\/docs.google.com\/viewer?url=http%3A%2F%2Fparoisse-jean-23.fr%2Fwp%2Fwp-content%2Fuploads%2F2020%2F11%2Fstats-2019-1.pdf&amp;embedded=true&amp;hl=en\" title=\"Document embarqu\u00e9\" class=\"ead-iframe\" style=\"width: 100%;height: 100%;border: none;position: absolute;left: 0;top: 0;visibility: hidden;\"><\/iframe><\/div>\t\t\t<div class=\"ead-document-loading\" style=\"width:100%;height:100%;position:absolute;left:0;top:0;z-index:10;\">\n\t\t\t\t<div class=\"ead-loading-wrap\">\n\t\t\t\t\t<div class=\"ead-loading-main\">\n\t\t\t\t\t\t<div class=\"ead-loading\">\n\t\t\t\t\t\t\t<img decoding=\"async\" src=\"https:\/\/paroisse-jean-23.fr\/wp\/wp-content\/plugins\/embed-any-document\/images\/loading.svg\" width=\"55\" height=\"55\" alt=\"Chargeur\">\n\t\t\t\t\t\t\t<span>En cours de chargement&hellip;<\/span>\n\t\t\t\t\t\t<\/div>\n\t\t\t\t\t<\/div>\n\t\t\t\t\t<div class=\"ead-loading-foot\">\n\t\t\t\t\t\t<div class=\"ead-loading-foot-title\">\n\t\t\t\t\t\t\t<img decoding=\"async\" src=\"https:\/\/paroisse-jean-23.fr\/wp\/wp-content\/plugins\/embed-any-document\/images\/EAD-logo.svg\" alt=\"Logo EAD\" width=\"36\" height=\"23\"\/>\n\t\t\t\t\t\t\t<span>Cela prend trop de temps\u00a0?<\/span>\n\t\t\t\t\t\t<\/div>\n\t\t\t\t\t\t<p>\n\t\t\t\t\t\t\t<div class=\"ead-document-btn ead-reload-btn\" role=\"button\">\n\t\t\t\t\t\t\t\t<img loading=\"lazy\" decoding=\"async\" src=\"https:\/\/paroisse-jean-23.fr\/wp\/wp-content\/plugins\/embed-any-document\/images\/reload.svg\" alt=\"Recharger\" width=\"12\" height=\"12\"\/> Recharger le document\t\t\t\t\t\t\t<\/div>\n\t\t\t\t\t\t\t<span>|<\/span>\n\t\t\t\t\t\t\t<a href=\"http:\/\/paroisse-jean-23.fr\/wp\/wp-content\/uploads\/2020\/11\/stats-2019-1.pdf\" class=\"ead-document-btn\" target=\"_blank\">\n\t\t\t\t\t\t\t\t<img loading=\"lazy\" decoding=\"async\" src=\"https:\/\/paroisse-jean-23.fr\/wp\/wp-content\/plugins\/embed-any-document\/images\/open.svg\" alt=\"Ouvert\" width=\"12\" height=\"12\"\/> Ouvrir dans un nouvel onglet\t\t\t\t\t\t\t<\/a>\n\t\t\t\t\t<\/div>\n\t\t\t\t<\/div>\n\t\t\t<\/div>\n\t\t<\/div><\/div>\n<p>&nbsp;<\/p>\n<div>\n<div class=\"n2-has-copy n2-code n2-ss-slider-shortcode-id\"><\/div>\n<div><\/div>\n<\/div>\n<h3>Coordonn\u00e9es:<\/h3>\n<p><img loading=\"lazy\" decoding=\"async\" class=\"alignnone size-full wp-image-1326\" src=\"http:\/\/paroisse-jean-23.fr\/wp\/wp-content\/uploads\/2020\/03\/iconmonstr-location-18-24.png\" alt=\"\" width=\"24\" height=\"24\" \/>31 Avenue de la gare, 34740 Vendargues<\/p>\n<h4>Mme ARNIER Pierrette<\/h4>\n<p><img loading=\"lazy\" decoding=\"async\" class=\"alignnone size-full wp-image-1325\" src=\"http:\/\/paroisse-jean-23.fr\/wp\/wp-content\/uploads\/2020\/03\/iconmonstr-phone-1-24.png\" alt=\"\" width=\"24\" height=\"24\" \/>06 08 60 09 76<\/p>\n<p><img loading=\"lazy\" decoding=\"async\" class=\"alignnone size-full wp-image-1328\" src=\"http:\/\/paroisse-jean-23.fr\/wp\/wp-content\/uploads\/2020\/03\/iconmonstr-paper-plane-2-24.png\" alt=\"\" width=\"24\" height=\"24\" \/><a href=\"mailto:arnier.p@orange.fr\">arnier.p@orange.fr<\/a><\/p>\n<p>&nbsp;<\/p>\n<div><\/div>\n","protected":false},"excerpt":{"rendered":"<p>Qu&rsquo;est ce que le Secours Catholique et qui travaille dans l&rsquo;ombre ? Le Secours Catholique est un service d\u2019Eglise qui a comme objectif d\u2019\u00eatre attentif<span class=\"more-link\"><a href=\"https:\/\/paroisse-jean-23.fr\/wp\/nos-benevoles\/le-secours-catholique\/\">Lire la suite<\/a><\/span><\/p>\n","protected":false},"author":1,"featured_media":0,"parent":159,"menu_order":0,"comment_status":"closed","ping_status":"closed","template":"","meta":{"footnotes":""},"class_list":["entry","author-jean","post-165","page","type-page","status-publish"],"_links":{"self":[{"href":"https:\/\/paroisse-jean-23.fr\/wp\/wp-json\/wp\/v2\/pages\/165","targetHints":{"allow":["GET"]}}],"collection":[{"href":"https:\/\/paroisse-jean-23.fr\/wp\/wp-json\/wp\/v2\/pages"}],"about":[{"href":"https:\/\/paroisse-jean-23.fr\/wp\/wp-json\/wp\/v2\/types\/page"}],"author":[{"embeddable":true,"href":"https:\/\/paroisse-jean-23.fr\/wp\/wp-json\/wp\/v2\/users\/1"}],"replies":[{"embeddable":true,"href":"https:\/\/paroisse-jean-23.fr\/wp\/wp-json\/wp\/v2\/comments?post=165"}],"version-history":[{"count":12,"href":"https:\/\/paroisse-jean-23.fr\/wp\/wp-json\/wp\/v2\/pages\/165\/revisions"}],"predecessor-version":[{"id":2439,"href":"https:\/\/paroisse-jean-23.fr\/wp\/wp-json\/wp\/v2\/pages\/165\/revisions\/2439"}],"up":[{"embeddable":true,"href":"https:\/\/paroisse-jean-23.fr\/wp\/wp-json\/wp\/v2\/pages\/159"}],"wp:attachment":[{"href":"https:\/\/paroisse-jean-23.fr\/wp\/wp-json\/wp\/v2\/media?parent=165"}],"curies":[{"name":"wp","href":"https:\/\/api.w.org\/{rel}","templated":true}]}}