{"id":1384,"date":"2020-03-24T15:15:46","date_gmt":"2020-03-24T14:15:46","guid":{"rendered":"http:\/\/paroisse-jean-23.fr\/wp\/?page_id=1384"},"modified":"2024-06-11T15:21:33","modified_gmt":"2024-06-11T13:21:33","slug":"lequipe-communication","status":"publish","type":"page","link":"https:\/\/paroisse-jean-23.fr\/wp\/nos-benevoles\/lequipe-communication\/","title":{"rendered":"L&rsquo;\u00c9quipe Communication"},"content":{"rendered":"<div id=\"pl-1384\"  class=\"panel-layout\" ><div id=\"pg-1384-0\"  class=\"panel-grid panel-no-style\" ><div id=\"pgc-1384-0-0\"  class=\"panel-grid-cell\" ><div id=\"panel-1384-0-0-0\" class=\"so-panel widget widget_sow-editor panel-first-child panel-last-child\" data-index=\"0\" ><div\n\t\t\t\n\t\t\tclass=\"so-widget-sow-editor so-widget-sow-editor-base\"\n\t\t\t\n\t\t>\n<div class=\"siteorigin-widget-tinymce textwidget\">\n\t<h1>L'\u00c9quipe de Communication<\/h1>\n<h1><img decoding=\"async\" class=\"wp-image-3093 aligncenter\" src=\"http:\/\/paroisse-jean-23.fr\/wp\/wp-content\/uploads\/2021\/01\/Word-Art-communiquer-300x300.png\" alt=\"\" width=\"211\" height=\"211\" \/><\/h1>\n<h1><\/h1>\n<p>Le groupe \u00ab\u00a0Communication\u00a0\u00bb est charg\u00e9 de pr\u00e9voir comment informer tous les paroissiens des activit\u00e9s des diff\u00e9rents mouvements ou services qui animent, avec nos pr\u00eatres, la vie paroissiale.<\/p>\n<p>Actuellement, les moyens de cette information partag\u00e9e sont essentiellement\u00a0:<\/p>\n<ul>\n<li>\n<h3>le <a href=\"http:\/\/paroisse-jean-23.fr\/wp\/\">site web<\/a> de la paroisse<\/h3>\n<\/li>\n<li>\n<h3>la page Facebook <a href=\"https:\/\/www.facebook.com\/paroissejeanXXIIIdomitienne\"><img decoding=\"async\" class=\"size-full wp-image-1354 alignnone\" src=\"http:\/\/paroisse-jean-23.fr\/wp\/wp-content\/uploads\/2020\/03\/iconmonstr-facebook-1-24-1.png\" alt=\"\" width=\"24\" height=\"24\" \/><\/a><\/h3>\n<\/li>\n<li>\n<h3>le journal paroissial distribu\u00e9 mensuellement dans nos \u00e9glises et consultable sur <a href=\"http:\/\/paroisse-jean-23.fr\/wp\/index.php\/le-blog-de-st-jean\/\">\u00a0le blog de St Jean<\/a><\/h3>\n<\/li>\n<\/ul>\n<p>Des informations plus occasionnelles peuvent aussi se faire. Mais cette communication est aussi ouverte \u00e0 tout public, pour que la vie paroissiale puisse \u00eatre per\u00e7ue par les chr\u00e9tiens ou non chr\u00e9tiens plus \u00e9loign\u00e9s de nos activit\u00e9s.<\/p>\n<p>Le groupe re\u00e7oit volontiers toute suggestion et toute participation pour am\u00e9liorer ce service et ainsi proposer vos talents de r\u00e9dacteur, programmateur, designer ou simplement de votre temps en int\u00e9grant notre \u00e9quipe pour faire vivre au mieux l'information aupr\u00e8s de nos paroissiens.<\/p>\n<div class=\"entry-content\">\n<div class=\"entry-the-content\">\n<h1>COORDINATION:<\/h1>\n<p><img decoding=\"async\" class=\"size-full wp-image-1325 alignnone\" src=\"http:\/\/paroisse-jean-23.fr\/wp\/wp-content\/uploads\/2020\/03\/iconmonstr-phone-1-24.png\" alt=\"\" width=\"24\" height=\"24\" \/>04 67 87 05 07<\/p>\n<p><img decoding=\"async\" class=\"size-full wp-image-1354 alignnone\" src=\"http:\/\/paroisse-jean-23.fr\/wp\/wp-content\/uploads\/2020\/03\/iconmonstr-facebook-1-24-1.png\" alt=\"\" width=\"24\" height=\"24\" \/><a href=\"https:\/\/www.facebook.com\/paroissejeanXXIIIdomitienne\">Rejoignez notre communaut\u00e9<\/a><\/p>\n<\/div>\n<\/div>\n<\/div>\n<\/div><\/div><\/div><\/div><\/div>","protected":false},"excerpt":{"rendered":"<p>L&rsquo;\u00c9quipe de Communication Le groupe \u00ab\u00a0Communication\u00a0\u00bb est charg\u00e9 de pr\u00e9voir comment informer tous les paroissiens des activit\u00e9s des diff\u00e9rents mouvements ou services qui animent, avec<span class=\"more-link\"><a href=\"https:\/\/paroisse-jean-23.fr\/wp\/nos-benevoles\/lequipe-communication\/\">Lire la suite<\/a><\/span><\/p>\n","protected":false},"author":1,"featured_media":0,"parent":159,"menu_order":0,"comment_status":"closed","ping_status":"closed","template":"","meta":{"footnotes":""},"class_list":["entry","author-jean","post-1384","page","type-page","status-publish"],"_links":{"self":[{"href":"https:\/\/paroisse-jean-23.fr\/wp\/wp-json\/wp\/v2\/pages\/1384","targetHints":{"allow":["GET"]}}],"collection":[{"href":"https:\/\/paroisse-jean-23.fr\/wp\/wp-json\/wp\/v2\/pages"}],"about":[{"href":"https:\/\/paroisse-jean-23.fr\/wp\/wp-json\/wp\/v2\/types\/page"}],"author":[{"embeddable":true,"href":"https:\/\/paroisse-jean-23.fr\/wp\/wp-json\/wp\/v2\/users\/1"}],"replies":[{"embeddable":true,"href":"https:\/\/paroisse-jean-23.fr\/wp\/wp-json\/wp\/v2\/comments?post=1384"}],"version-history":[{"count":6,"href":"https:\/\/paroisse-jean-23.fr\/wp\/wp-json\/wp\/v2\/pages\/1384\/revisions"}],"predecessor-version":[{"id":5398,"href":"https:\/\/paroisse-jean-23.fr\/wp\/wp-json\/wp\/v2\/pages\/1384\/revisions\/5398"}],"up":[{"embeddable":true,"href":"https:\/\/paroisse-jean-23.fr\/wp\/wp-json\/wp\/v2\/pages\/159"}],"wp:attachment":[{"href":"https:\/\/paroisse-jean-23.fr\/wp\/wp-json\/wp\/v2\/media?parent=1384"}],"curies":[{"name":"wp","href":"https:\/\/api.w.org\/{rel}","templated":true}]}}