{"id":1380,"date":"2020-03-24T14:58:07","date_gmt":"2020-03-24T13:58:07","guid":{"rendered":"http:\/\/paroisse-jean-23.fr\/wp\/?page_id=1380"},"modified":"2020-04-06T14:46:42","modified_gmt":"2020-04-06T12:46:42","slug":"maisons-de-retraites","status":"publish","type":"page","link":"https:\/\/paroisse-jean-23.fr\/wp\/nos-benevoles\/maisons-de-retraites\/","title":{"rendered":"Maisons de Retraite"},"content":{"rendered":"<h1 style=\"text-align: center;\">Les maisons de retraite<\/h1>\n<h2><strong>Messes dans les maisons de retraite de notre paroisse<\/strong><\/h2>\n<p>Aux maisons de retraite, le premier vendredi du mois \u00e0 <a href=\"https:\/\/www.pour-les-personnes-agees.gouv.fr\/fiche-annuaire\/hebergement\/340017425\/0\">Vendargues<\/a> et le dernier vendredi du mois \u00e0 <a href=\"https:\/\/www.pour-les-personnes-agees.gouv.fr\/fiche-annuaire\/hebergement\/340789734\/1?cp=34670&amp;type_etab=ehpad&amp;type_heb=hebergement-permanent\">Baillargues<\/a> un de nos pr\u00eatres y c\u00e9l\u00e8bre la messe \u00e0 16h30. Les pr\u00eatres sont aid\u00e9s par quelques la\u00efcs, des chr\u00e9tiens de la paroisse se joignent aussi \u00e0 nous.<\/p>\n<p>Ces messes sont tr\u00e8s attendues par les r\u00e9sidents qui nous accueillent avec joie. Ce temps de recueillement est\u00a0 un moment o\u00f9 chacun participe dans la mesure de ses moyens.<\/p>\n<h1>BAILLARGUES<img fetchpriority=\"high\" decoding=\"async\" class=\"alignright size-medium wp-image-1349\" src=\"http:\/\/paroisse-jean-23.fr\/wp\/wp-content\/uploads\/2020\/03\/MDR-Baillargues-300x226.png\" sizes=\"(max-width: 300px) 100vw, 300px\" srcset=\"http:\/\/paroisse-jean-23.fr\/wp\/wp-content\/uploads\/2020\/03\/MDR-Baillargues-300x226.png 300w, http:\/\/paroisse-jean-23.fr\/wp\/wp-content\/uploads\/2020\/03\/MDR-Baillargues.png 356w\" alt=\"\" width=\"300\" height=\"226\" \/><\/h1>\n<h2>COORDINATRICE:<\/h2>\n<h4>MME VERDUCCI GENEVI\u00c8VE<\/h4>\n<p><img decoding=\"async\" class=\"alignnone size-full wp-image-1325\" src=\"http:\/\/paroisse-jean-23.fr\/wp\/wp-content\/uploads\/2020\/03\/iconmonstr-phone-1-24.png\" alt=\"\" width=\"24\" height=\"24\" \/>04 67 70 19 99<\/p>\n<p><img decoding=\"async\" class=\"alignnone size-full wp-image-1328\" src=\"http:\/\/paroisse-jean-23.fr\/wp\/wp-content\/uploads\/2020\/03\/iconmonstr-paper-plane-2-24.png\" alt=\"\" width=\"24\" height=\"24\" \/><a href=\"mailto:j.verducci@free.fr\">j.verducci@free.fr<\/a><\/p>\n<p>&nbsp;<\/p>\n<h1>VENDARGUES<img loading=\"lazy\" decoding=\"async\" class=\"alignright wp-image-1350\" src=\"http:\/\/paroisse-jean-23.fr\/wp\/wp-content\/uploads\/2020\/03\/MDR-Vendargues.png\" alt=\"\" width=\"298\" height=\"209\" \/><\/h1>\n<h2>COORDINATRICE:<\/h2>\n<h4>MME ARNIER PIERRETTE<\/h4>\n<p><img decoding=\"async\" class=\"alignnone size-full wp-image-1325\" src=\"http:\/\/paroisse-jean-23.fr\/wp\/wp-content\/uploads\/2020\/03\/iconmonstr-phone-1-24.png\" alt=\"\" width=\"24\" height=\"24\" \/>07 57 40 66 90\u00a0<em>ou<\/em>\u00a006 08 60 09 76<\/p>\n<p><img decoding=\"async\" class=\"alignnone size-full wp-image-1328\" src=\"http:\/\/paroisse-jean-23.fr\/wp\/wp-content\/uploads\/2020\/03\/iconmonstr-paper-plane-2-24.png\" alt=\"\" width=\"24\" height=\"24\" \/><a href=\"mailto:arnier.p@orange.fr\">arnier.p@orange.fr<\/a><\/p>\n<p>&nbsp;<\/p>\n","protected":false},"excerpt":{"rendered":"<p>Les maisons de retraite Messes dans les maisons de retraite de notre paroisse Aux maisons de retraite, le premier vendredi du mois \u00e0 Vendargues et<span class=\"more-link\"><a href=\"https:\/\/paroisse-jean-23.fr\/wp\/nos-benevoles\/maisons-de-retraites\/\">Lire la suite<\/a><\/span><\/p>\n","protected":false},"author":1,"featured_media":1349,"parent":159,"menu_order":0,"comment_status":"closed","ping_status":"closed","template":"","meta":{"footnotes":""},"class_list":["entry","author-jean","post-1380","page","type-page","status-publish","has-post-thumbnail"],"_links":{"self":[{"href":"https:\/\/paroisse-jean-23.fr\/wp\/wp-json\/wp\/v2\/pages\/1380","targetHints":{"allow":["GET"]}}],"collection":[{"href":"https:\/\/paroisse-jean-23.fr\/wp\/wp-json\/wp\/v2\/pages"}],"about":[{"href":"https:\/\/paroisse-jean-23.fr\/wp\/wp-json\/wp\/v2\/types\/page"}],"author":[{"embeddable":true,"href":"https:\/\/paroisse-jean-23.fr\/wp\/wp-json\/wp\/v2\/users\/1"}],"replies":[{"embeddable":true,"href":"https:\/\/paroisse-jean-23.fr\/wp\/wp-json\/wp\/v2\/comments?post=1380"}],"version-history":[{"count":6,"href":"https:\/\/paroisse-jean-23.fr\/wp\/wp-json\/wp\/v2\/pages\/1380\/revisions"}],"predecessor-version":[{"id":1620,"href":"https:\/\/paroisse-jean-23.fr\/wp\/wp-json\/wp\/v2\/pages\/1380\/revisions\/1620"}],"up":[{"embeddable":true,"href":"https:\/\/paroisse-jean-23.fr\/wp\/wp-json\/wp\/v2\/pages\/159"}],"wp:featuredmedia":[{"embeddable":true,"href":"https:\/\/paroisse-jean-23.fr\/wp\/wp-json\/wp\/v2\/media\/1349"}],"wp:attachment":[{"href":"https:\/\/paroisse-jean-23.fr\/wp\/wp-json\/wp\/v2\/media?parent=1380"}],"curies":[{"name":"wp","href":"https:\/\/api.w.org\/{rel}","templated":true}]}}